{"id":7733,"date":"2019-12-04T15:51:13","date_gmt":"2019-12-04T14:51:13","guid":{"rendered":"https:\/\/www.nortegas.es\/instalatzailearen-ataria\/campana-canon-ircs\/"},"modified":"2023-12-05T11:03:22","modified_gmt":"2023-12-05T10:03:22","slug":"instalazio-hartzaile-erkideetarako-ihetarako-kanon-kanpaina","status":"publish","type":"page","link":"https:\/\/www.nortegas.es\/eu\/instalatzailearen-ataria\/instalazio-hartzaile-erkideetarako-ihetarako-kanon-kanpaina\/","title":{"rendered":"Flexigas kanpaina"},"content":{"rendered":"<section class=\"module module-divider-bottom module-inner bg-blog\">\n<div class=\"container\">\n<div class=\"row\">\n<div class=\"col-md-12\">\n<ul class=\"nav nav-tabs nav-tabs-instaladores text-center\">\n<li class=\"nav-item mywidth\"><a class=\"nav-link active\" href=\"#tab-1\" data-toggle=\"tab\">Flexigas kanpaina<\/a><\/li>\n<li class=\"nav-item mywidth\"><a class=\"nav-link\" href=\"#tab-2\" data-toggle=\"tab\">FlexiGas produktuaren abantailak<\/a><\/li>\n<li class=\"nav-item mywidth\"><a class=\"nav-link\" href=\"#tab-3\" data-toggle=\"tab\">Aplikazio-baldintzak<\/a><\/li>\n<li class=\"nav-item mywidth\"><a class=\"nav-link\" href=\"#tab-4\" data-toggle=\"tab\">Instalatzailearentzat laguntzak<\/a><\/li>\n<\/ul>\n<div class=\"tab-content\">\n<div id=\"tab-1\" class=\"tab-pane in active\">\n<div class=\"col-md-12\">\n<div class=\"special-heading text-center\">\n<h2>Instalazio hartzaile erkideetarako (IHEtarako) kanon-kanpaina<\/h2>\n<\/div>\n<p>Zure eraikinean gasik ez badaukazu, baduzu Instalazio Hartzaile Erkideak (IHEak) egikaritzeko kanpaina komertzialari onura ateratzerik, kanon- edo alokairu-erregimenean. Besterik gabe gasaren ordainagirian alokairu txiki bat ordainduz, haren abantaila guztiaz eta prezio oneneko erregaiaz gozatu ahalko duzu.<\/p>\n<p><span class=\"blue-bold-text\">NORTEGAS<\/span>ek, Energ\u00eda Distribuci\u00f3n SAUk eta NED Espa\u00f1a Distribuci\u00f3n Gas SAUk instalazio hartzaile erkideak (IHEak) egikaritzeko kanpaina komertziala jartzen dute gasik gabeko eraikinetan dauden balizko bezeroen esku, kanon- edo alokairu-erregimenean.<\/p>\n<p>\t\t\t\t\t\t\t<!-- LISTA DE ICONOS--><\/p>\n<p>\t\t\t\t\t\t<!-- ROW 1--><\/p>\n<div class=\"row\">\n<div class=\"col-md-4\">\n<div class=\"icon-box text-center\">\n<div class=\"icon-box-icon m-b-30\"><img alt=\"Enpresa instalatzaile batek IHEa egikaritu ostean\" class=\"icon-img lazyload\" data-src=\"\/assets\/uploads\/2018\/02\/instaladora.svg\"><\/div>\n<div class=\"icon-box-content\">\n<p>Enpresa instalatzaile batek EKIa burutu du, 20 urtetan zehar konpainia banatzailearen jabetzakoa dena. Aldi horretan, erabiltzaile bakoitzak kanon bat abonatzen du gasaren ordainagirian.<\/p>\n<\/div>\n<\/div>\n<\/div>\n<div class=\"col-md-4\">\n<div class=\"icon-box text-center\">\n<div class=\"icon-box-icon m-b-30\"><img alt=\"IHEaren jabetza jabekideen erkidegora itzultzen da\" class=\"icon-img lazyload\" data-src=\"\/assets\/uploads\/2018\/02\/revierte.svg\"><\/div>\n<div class=\"icon-box-content\">\n<p>Epe horretan zehar, instalazio komuna <span class=\"blue-bold-text\">NORTEGAS<\/span>ek mantenduko du, eta 20 urteren ondoren, propietatea Komunitate osoarena izango da, alde batera utzita auzo bakoitzak ordaindu duena.<\/p>\n<\/div>\n<\/div>\n<\/div>\n<div class=\"col-md-4\">\n<div class=\"icon-box text-center\">\n<div class=\"icon-box-icon m-b-30\"><img alt=\"dagoen sarearen gainean\" class=\"icon-img lazyload\" data-src=\"\/assets\/uploads\/2018\/02\/edificios.svg\"><\/div>\n<div class=\"icon-box-content\">\n<p>Etxebizitzen gutxienez % 20ak horniduran alta ematen duten eraikinetan ezarriko da.<\/p>\n<\/div>\n<\/div>\n<\/div>\n<div class=\"col-md-4\">\n<div class=\"icon-box text-center\">\n<div class=\"icon-box-icon m-b-30\"><img alt=\"aukera dezake bezeroak\" class=\"icon-img lazyload\" data-src=\"\/assets\/uploads\/2018\/02\/sincoste.svg\"><\/div>\n<div class=\"icon-box-content\">\n<p>Hasieran alta ematen duten erabiltzaileek, 250 \u20ac-ko laguntza izango dute.<\/p>\n<\/div>\n<\/div>\n<\/div>\n<div class=\"col-md-4\">\n<div class=\"icon-box text-center\">\n<div class=\"icon-box-icon m-b-30\"><img alt=\"kuota bera ordainduko dute\" class=\"icon-img lazyload\" data-src=\"\/assets\/uploads\/2018\/02\/vecinos.svg\"><\/div>\n<div class=\"icon-box-content\">\n<p>Erabiltzaile guztiek hileko kanon bera abonatuko dute, konektatzen diren unea alde batera utzita, eta soilik abonatuko da gas naturalaren erabiltzailea den bitartean, hau da, bezero batek baja ematen badu, ez du kanona gehiago ordainduko.<\/p>\n<\/div>\n<\/div>\n<\/div>\n<div class=\"col-md-4\">\n<div class=\"icon-box text-center\">\n<div class=\"icon-box-icon m-b-30\"><img alt=\"gainerako zenbatekoa edozein unetan ordaintzeko\" class=\"icon-img lazyload\" data-src=\"\/assets\/uploads\/2018\/02\/importe.svg\"><\/div>\n<div class=\"icon-box-content\">\n<p>Bestetik, erabiltzaile bakoitza nahi duenean atera daiteke kanonaren modutik, EKIaren gainerako zenbatekoa abonatuz.<\/p>\n<\/div>\n<\/div>\n<\/div>\n<\/div>\n<p>\t\t\t\t\t\t<!-- ROW 1 END--><\/p>\n<p>\t\t\t\t\t\t\t<!--*****LISTA DE ICONOS END *****--><\/p>\n<p>\t\t<!-- DISE&Ntilde;O DE TABLA--><\/p>\n<div class=\"container\">\n<div class=\"row\">\n<div class=\"col-md-12 m-t-50\">\n<table id=\"rt1\" class=\"rt cf\" cellspacing=\"0\">\n\t\t\t\t\t\t\t\t\t\t<!-- cellspacing='0' is important, must stay --><br>\n\t\t\t\t\t\t\t\t\t\t<!-- Table Header -->\n<thead>\n<tr>\n<th id=\"purple\"><\/th>\n<th id=\"purple\">20 urteko eredua<\/th>\n<\/tr>\n<\/thead>\n<p>\t\t\t\t\t\t\t\t\t\t<!-- Table Header --><br>\n\t\t\t\t\t\t\t\t\t\t<!-- Table Body --><\/p>\n<tbody>\n<tr>\n<td>Giltzen k.<\/td>\n<td>9,8 \u20ac\/hilabete<\/td>\n<\/tr>\n<\/tbody>\n<p>\t\t\t\t\t\t\t\t\t\t<!-- Table Body --><br>\n\t\t\t\t\t\t\t\t\t<\/p><\/table>\n<\/div>\n<\/div>\n<\/div>\n<p>\t\t\t\t\t\t<!----><\/p>\n<p class=\"m-t-30\">*Prezioak BEZik gabekoak dira. Kuotak urtero eguneratu daitezke KPIaren arabera.<\/p>\n<p class=\"m-t-30\">Gure Flexigas kanpainaren bidez gas naturala eduki nahi baduzu, eman zure datuak <a href=\"\/eu\/instalazio-hartzaile-erkideetarako-ihetarako-kanon-kanpaina\/\" class=\"inner-link\" target=\"_blank\" rel=\"noopener\">inprimaki <\/a>honetan eta, inolako konpromisorik gabe, zure etxebizitza gasez hornitzeko behar diren urratsak jakinaraziko dizkizugu.<\/p>\n<p>\t\t\t\t\t\t<!-- CONTENIDO EXTRA--><\/p><\/div>\n<\/div>\n<div id=\"tab-2\" class=\"tab-pane\">\n<div class=\"special-heading text-center\">\n<h2>FlexiGas produktuaren abantailak<\/h2>\n<\/div>\n<div class=\"special-heading\">\n<h3>Instalatzaileak <\/h3>\n<\/div>\n<ul class=\"list-icon\">\n<li>Obra- eta fakturazio-bolumen handiagoa eraikineko giltza guztiak aldi berean eta marjina erakargarriekin egitean.<\/li>\n<li>Etorkizuneko erakartze-aukeretarako ereintza uzten du, etorkizunera begira aplikaziorik eza saihestuz bezero berrientzat.<\/li>\n<\/ul>\n<div class=\"special-heading\">\n<h3>Auzokideen erkidegoa<\/h3>\n<\/div>\n<ul class=\"list-icon\">\n<li>Gas naturaleko azpiegitura ematen die bizilagun guztiei leihoraino, erkidegoarentzat inolako kosturik gabe; hileko kanona konektatzen diren erabiltzaileek soilik ordainduko dute. Gas naturala edukitzeak, berez, balioa eransten die etxebizitzei.<\/li>\n<li>Orain konektatu nahi ez direnek erraz egin ahalko dute etorkizunean gainerako bizilagunek ordaintzen duten hileko kanon bera ordainduz, fatxadatik edo patiotik obrarik egin gabe.<\/li>\n<li>Instalazio hartzaile komunaren titulartasuna <span class=\"blue-bold-text\">NORTEGAS<\/span>ena da 20 urtez; beraz, <span class=\"blue-bold-text\">NORTEGAS<\/span>ek bere gain hartzen du instalazioaren mantentze-lana eta, denbora hori igarotakoan, titulartasuna erkidegoarena izango da. Orduan, erabiltzaileek bere gain hartuko dituzte 5 urtean behin egin beharreko nahitaezko berrikuspenak.<\/li>\n<\/ul>\n<div class=\"special-heading\">\n<h3>Bizilagun interesduna<\/h3>\n<\/div>\n<ul class=\"list-icon\">\n<li>Etxebizitzan gas naturala edukitzea ahalbidetzen du, hasierako ordainketa ekonomikoa murriztuz; izan ere, instalazio hartzaile komuna epe erosoetan ordaintzen da eta <span class=\"blue-bold-text\">NORTEGAS<\/span>ek bere gain hartzen ditu gas naturalaren titulartasuna eta mantentze-lana 20 urtez.<\/li>\n<li>Adicionalmente, los usuarios que se conecten en los tres primeros meses desde la ejecuci\u00f3n de la IRC, dispondr\u00e1n de una ayuda de 250\u20ac IVA incluido, que se canalizar\u00e1n a trav\u00e9s de instalador colaborador.<\/li>\n<li>Erabiltzaileak, nahi izatekotan, aldez aurretik amortiza dezake instalazio hartzaile komunaren finantzaketa.<\/li>\n<\/ul>\n<\/div>\n<div id=\"tab-3\" class=\"tab-pane\">\n<div class=\"special-heading text-center\">\n<h2>Aplikazio-baldintzak<\/h2>\n<\/div>\n<div class=\"special-heading\">\n<h3>Modalitateak<\/h3>\n<\/div>\n<ul class=\"list-icon\">\n<li>Hasiera batean, giltzak zentralizatzeko modalitate bakarra eta 20 urteko. Kontsultatu beharreko kontagailuak zentralizatzeko eredua.<\/li>\n<li>Behin egikarituta, <span class=\"blue-bold-text\">NORTEGAS<\/span>ek instalazio hartzaile komuna instalatzaileari erosteko eredua. Dokumentu hauek sinatzen dira:\n<ul class=\"list-icon p-t-20\">\n<li>Erkidegoaren akordioa enpresa instalatzaileak instalazio hartzaile komun bat baldintza jakin batzuetan egikaritzeko.<\/li>\n<li>rkidegoaren kontratua enpresa instalatzailearekin instalazio hartzaile komuna egikaritzeko.<\/li>\n<li>Erkidegoaren adierazpenak instalazio hartzaile komuna egikaritu dela eta jabetza <span class=\"blue-bold-text\">NORTEGAS<\/span>i lagatzen diotela jasotzeko.<\/li>\n<li>Instalazio hartzaile komunaren salerosketa-kontratua, enpresa instalatzailearen eta <span class=\"blue-bold-text\">NORTEGAS<\/span>en artekoa.<\/li>\n<li><span class=\"blue-bold-text\">NORTEGAS<\/span>ekin konektatzen diren erabiltzaileen banakako kontratua.<\/li>\n<\/ul>\n<\/li>\n<\/ul>\n<div class=\"special-heading\">\n<h3>Beharrezko gutxieneko erakartzea  <\/h3>\n<\/div>\n<ul class=\"list-icon\">\n<li>Eraikineko etxebizitzen % 20 eta, gutxienez, 2 bezero.<\/li>\n<\/ul>\n<\/div>\n<div id=\"tab-4\" class=\"tab-pane\">\n<div class=\"special-heading text-center\">\n<h2>Instalatzailearentzat laguntzak<\/h2>\n<\/div>\n<p>La tabla indica las cantidades que percibe el instalador en funci\u00f3n del tama\u00f1o de la finca y el n\u00famero de viviendas captadas.<\/p>\n<p>\n<a href=\"https:\/\/www.nortegas.es\/assets\/uploads\/2023\/11\/grafica-canon.jpg\" title=\"Ayudas para el instalador\" rel=\"single-photo\"><img alt=\"Ayudas para el instalador\" width=\"950\" height=\"330\" class=\"alignnone size-full wp-image-10503 lazyload\" data-src=\"https:\/\/www.nortegas.es\/assets\/uploads\/2023\/11\/grafica-canon.jpg\"><\/a><\/p>\n<p><em>Sombreados los casos de IRC en canon para baja penetraci\u00f3n, en los que no se construyen todas las llaves, si no \u00fanicamente 5* PS captados.<\/em><\/p>\n<\/div>\n<\/div>\n<\/div>\n<\/div>\n<\/div>\n<\/section>\n","protected":false},"excerpt":{"rendered":"<p>Flexigas kanpaina FlexiGas produktuaren abantailak Aplikazio-baldintzak Instalatzailearentzat laguntzak Instalazio hartzaile erkideetarako (IHEtarako) kanon-kanpaina Zure eraikinean gasik ez badaukazu, baduzu Instalazio [&hellip;]<\/p>\n","protected":false},"author":1,"featured_media":0,"parent":7727,"menu_order":0,"comment_status":"closed","ping_status":"closed","template":"templates\/pagina-template.php","meta":{"_acf_changed":false,"footnotes":""},"yst_prominent_words":[3104,1206,1201,1207,1202,1165,1205,1209,1208,1203,1166,3395,3394,1204,529,3402],"class_list":["post-7733","page","type-page","status-publish","hentry"],"acf":[],"_links":{"self":[{"href":"https:\/\/www.nortegas.es\/eu\/wp-json\/wp\/v2\/pages\/7733","targetHints":{"allow":["GET"]}}],"collection":[{"href":"https:\/\/www.nortegas.es\/eu\/wp-json\/wp\/v2\/pages"}],"about":[{"href":"https:\/\/www.nortegas.es\/eu\/wp-json\/wp\/v2\/types\/page"}],"author":[{"embeddable":true,"href":"https:\/\/www.nortegas.es\/eu\/wp-json\/wp\/v2\/users\/1"}],"replies":[{"embeddable":true,"href":"https:\/\/www.nortegas.es\/eu\/wp-json\/wp\/v2\/comments?post=7733"}],"version-history":[{"count":7,"href":"https:\/\/www.nortegas.es\/eu\/wp-json\/wp\/v2\/pages\/7733\/revisions"}],"predecessor-version":[{"id":13294,"href":"https:\/\/www.nortegas.es\/eu\/wp-json\/wp\/v2\/pages\/7733\/revisions\/13294"}],"up":[{"embeddable":true,"href":"https:\/\/www.nortegas.es\/eu\/wp-json\/wp\/v2\/pages\/7727"}],"wp:attachment":[{"href":"https:\/\/www.nortegas.es\/eu\/wp-json\/wp\/v2\/media?parent=7733"}],"wp:term":[{"taxonomy":"yst_prominent_words","embeddable":true,"href":"https:\/\/www.nortegas.es\/eu\/wp-json\/wp\/v2\/yst_prominent_words?post=7733"}],"curies":[{"name":"wp","href":"https:\/\/api.w.org\/{rel}","templated":true}]}}