{"id":7512,"date":"2019-10-18T09:28:04","date_gmt":"2019-10-18T08:28:04","guid":{"rendered":"https:\/\/www.nortegas.es\/gas-renove-reformas\/"},"modified":"2023-12-29T10:05:01","modified_gmt":"2023-12-29T09:05:01","slug":"gas-renove-erreformak","status":"publish","type":"page","link":"https:\/\/www.nortegas.es\/eu\/gas-renove-erreformak\/","title":{"rendered":"Aprobetxatu zure eraberritzea eta aurreztu 250 \u20ac zure gas naturalaren instalazioan"},"content":{"rendered":"<section class=\"module-header module-landing module-landing-v2 bg-dark bg-dark-30\" data-background=\"https:\/\/www.nortegas.es\/assets\/uploads\/2023\/12\/cabecera-renove-reformas-2024-estrecha.jpg\">\n<div class=\"container\">\n<div class=\"row\">\n<div class=\"col-md-9 text-left\">\n<p class=\"antetitulo\">Zure etxebizitza berriztatzen ari zara eta ez daukazu gas naturalik?<\/p>\n<h1 class=\"h1\">Aprobetxatu aukera hau eta lortu gure 250 euroko laguntza gas naturala jartzeko.<\/h1>\n<p class=\"p-t-20 p-b-20\">Zure eraikinak jada komunitateko gas-instalazioa badu, aprobetxatu deskontu hau gas naturalaren abantailak zure etxebizitzara eramateko, 3 pauso erraz emanda.<\/p>\n<\/div>\n<\/div>\n<\/div>\n<\/section>\n<p>\t\t\t\t<!-- Page Header end--><\/p>\n<section class=\"module landing p-0 fondo-banners\">\n<div class=\"container\">\n<div class=\"row\">\n<div class=\"col-md-4 banner-proceso\">\n<div class=\"numero\">1<\/div>\n<p class=\"text-left\">Deitu doan <strong> <a class=\"inner-link\" href=\"tel:900%20902%20933\" rel=\"noopener\" target=\"_blank\">900 902 933<\/a><\/strong> telefono-zenbakira edo <strong>bete inprimaki hau<\/strong>.<\/p>\n<\/div>\n<div class=\"col-md-4 banner-proceso\">\n<div class=\"numero\">2<\/div>\n<p class=\"text-left\"><strong>Nortegaseko kudeatzaile komertzial bat<\/strong> zurekin harremanetan jarriko da <strong>zure etxebizitzak<\/strong> diru-laguntza jaso dezakeela egiaztatzeko.<\/p>\n<\/div>\n<div class=\"col-md-4 banner-proceso\">\n<div class=\"numero\">3<\/div>\n<p class=\"text-left\"><strong>Konfiantzazko enpresa instalatzaile<\/strong> batekin harremanetan jarriko zaitugu, zure instalazioa<strong> berme guztiekin<\/strong> egin dezazun.<\/p>\n<\/div>\n<\/div>\n<\/div>\n<\/section>\n<section class=\"module landing p-0 fondo-formulario\">\n<div class=\"container\">\n<div class=\"col-md-12 destacado-info\">\n<div class=\"row\">\n<div class=\"col-md-12\">\n<div class=\"form-crm-particulares__wrapper\">\n<div class=\"wpcf7 no-js\" id=\"wpcf7-f10122-o1\" lang=\"es-ES\" dir=\"ltr\" data-wpcf7-id=\"10122\">\n<div class=\"screen-reader-response\"><p role=\"status\" aria-live=\"polite\" aria-atomic=\"true\"><\/p> <ul><\/ul><\/div>\n<form action=\"\/eu\/wp-json\/wp\/v2\/pages\/7512#wpcf7-f10122-o1\" method=\"post\" class=\"wpcf7-form init\" aria-label=\"Contact form\" novalidate=\"novalidate\" data-status=\"init\">\n<fieldset class=\"hidden-fields-container\"><input type=\"hidden\" name=\"_wpcf7\" value=\"10122\"><input type=\"hidden\" name=\"_wpcf7_version\" value=\"6.1.5\"><input type=\"hidden\" name=\"_wpcf7_locale\" value=\"es_ES\"><input type=\"hidden\" name=\"_wpcf7_unit_tag\" value=\"wpcf7-f10122-o1\"><input type=\"hidden\" name=\"_wpcf7_container_post\" value=\"0\"><input type=\"hidden\" name=\"_wpcf7_posted_data_hash\" value=\"\"><input type=\"hidden\" name=\"_wpcf7_recaptcha_response\" value=\"\">\n<\/fieldset>\n<div id=\"form-cliente-potencial-particulares\" class=\"form-inline\">\n\t<div class=\"input-group mb-2 mr-sm-2 mb-sm-0 mt-sm-1\">\n\t\t<div>\n\t\t\t<p><span class=\"wpcf7-form-control-wrap\" data-name=\"crm-particulares-nombre\"><input size=\"40\" maxlength=\"400\" class=\"wpcf7-form-control wpcf7-text wpcf7-validates-as-required input-group mb-2 mr-sm-2 mb-sm-1 form-control\" aria-required=\"true\" aria-invalid=\"false\" placeholder=\"Izena eta abizenak\" value=\"\" type=\"text\" name=\"crm-particulares-nombre\"><\/span>\n\t\t\t<\/p>\n\t\t<\/div>\n\t\t<div>\n\t\t\t<p><span class=\"wpcf7-form-control-wrap\" data-name=\"crm-particulares-telefono\"><input size=\"40\" maxlength=\"400\" class=\"wpcf7-form-control wpcf7-tel wpcf7-validates-as-required wpcf7-text wpcf7-validates-as-tel input-group mb-2 mr-sm-2 mb-sm-1 form-control\" aria-required=\"true\" aria-invalid=\"false\" placeholder=\"Telefonoa\" value=\"\" type=\"tel\" name=\"crm-particulares-telefono\"><\/span>\n\t\t\t<\/p>\n\t\t<\/div>\n\t\t<div>\n\t\t\t<p><span class=\"wpcf7-form-control-wrap\" data-name=\"crm-particulares-email\"><input size=\"40\" maxlength=\"400\" class=\"wpcf7-form-control wpcf7-email wpcf7-validates-as-required wpcf7-text wpcf7-validates-as-email input-group mr-sm-2 mb-sm-1 form-control\" aria-required=\"true\" aria-invalid=\"false\" placeholder=\"Eposta\" value=\"\" type=\"email\" name=\"crm-particulares-email\"><\/span>\n\t\t\t<\/p>\n\t\t<\/div>\n\t<\/div>\n\t<div class=\"input-group mb-2 mr-sm-2 mb-sm-0\">\n\t\t<article class=\"custom-municipio-autocomplete__wrapper\">\n\t\t\t<p><span class=\"wpcf7-form-control-wrap\" data-name=\"crm-particulares-municipio\"><input size=\"40\" maxlength=\"400\" class=\"wpcf7-form-control wpcf7-text wpcf7-validates-as-required input-group mb-2 mr-sm-2 mb-sm-1 form-control custom-municipio-autocomplete\" aria-required=\"true\" aria-invalid=\"false\" placeholder=\"Herria\" value=\"\" type=\"text\" name=\"crm-particulares-municipio\"><\/span>\n\t\t\t<\/p>\n\t\t<\/article>\n\t\t<article>\n\t\t\t<p><span class=\"wpcf7-form-control-wrap\" data-name=\"crm-particulares-direccion\"><input size=\"40\" maxlength=\"400\" class=\"wpcf7-form-control wpcf7-text wpcf7-validates-as-required input-group mb-2 mr-sm-2 mb-sm-1 form-control grande\" aria-required=\"true\" aria-invalid=\"false\" placeholder=\"Kalea, ataria, solairua eta atea\" value=\"\" type=\"text\" name=\"crm-particulares-direccion\"><\/span>\n\t\t\t<\/p>\n\t\t<\/article>\n\t\t<article>\n\t\t\t<p><input class=\"wpcf7-form-control wpcf7-submit btn btn-round btn-brand\" id=\"submit-form-crm-particulares\" type=\"submit\" value=\"Bidali\">\n\t\t\t<\/p>\n\t\t<\/article>\n\t<\/div>\n\t<div class=\"form-check text-left p-t-10 p-l-10\">\n\t\t<p><label class=\"custom-control custom-checkbox\"><span class=\"wpcf7-form-control-wrap\" data-name=\"crm-particulares-aceptacion\"><span class=\"wpcf7-form-control wpcf7-acceptance\"><span class=\"wpcf7-list-item\"><input type=\"checkbox\" name=\"crm-particulares-aceptacion\" value=\"1\" aria-invalid=\"false\"><\/span><\/span><\/span><span class=\"custom-control-description\"><span class=\"only-es\">Acepto el <a href=\"\/informacion-basica-de-proteccion-de-datos-de-caracter-personal\/\" target=\"_blank\" class=\"privacidad-link\">tratamiento de mis datos personales, as\u00ed como el env\u00edo de publicidad por medios electr\u00f3nicos<\/a>.<\/span><span class=\"only-en\">I Acept <a href=\"\/en\/legal-notice\/\" target=\"_blank\" class=\"privacidad-link\">legal notice<\/a>.<\/span><span class=\"only-eu\">Onartzen ditut <a href=\"\/eu\/datu-pertsonalen-babesari-buruzko-oinarrizko-informazioa\/\" target=\"_blank\" class=\"privacidad-link\">datu pertsonalen babesari buruzko oinarrizko informazioa<\/a>.<\/span><\/span><\/label>\n\t\t<\/p>\n\t<\/div>\n<\/div>\n<footer class=\"form-response__wrapper\">\n<div class=\"wpcf7-response-output\" aria-hidden=\"true\"><\/div>\n\t<div class=\"cf7-custom-response-ok\">\n\t\t<p><span class=\"only-es\">Solicitud enviada correctamente<\/span><span class=\"only-eu\">Eskaera behar bezala bidali da<\/span>\n\t\t<\/p>\n\t<\/div>\n<\/footer>\n<style type=\"text\/css\">#form-cliente-potencial-particulares .input-group p {margin-bottom : 5px;}\n<\/style>\n<\/form>\n<\/div>\n<\/div>\n<\/div>\n<\/div>\n<\/div>\n<\/div>\n<\/section>\n<section class=\"module landing p-t-20\">\n<div class=\"container\">\n<div class=\"row\">\n<div class=\"col-md-10 m-auto text-center\">\n<h3 class=\"text-center\">ZURE PLANA, ERAGINKORRA IZATEKO<\/h3>\n<p>Gas naturala energia-iturri garbia segurua da, eta berrikuntzari eta teknologia berrien garapenari esker, gaur egun energia-iturri eraginkorrenetako bat ere bada.  <\/p>\n<\/div>\n<\/div>\n<div class=\"row justify-content-center\">\n<div class=\"col-md-6 text-center wow fadeInUp\">\n<p><img alt=\"Tabla comparativa\" data-src=\"https:\/\/www.nortegas.es\/assets\/uploads\/2023\/12\/consumo-agua-caliente-2023-eu.jpg\" class=\" lazyload\"><\/p>\n<\/div>\n<div class=\"col-md-6 text-center wow fadeInUp\">\n<p><img alt=\"Tabla comparativa\" data-src=\"https:\/\/www.nortegas.es\/assets\/uploads\/2023\/12\/consumo-agua-caliente-calefeccion-eu.jpg\" class=\" lazyload\"><\/p>\n<\/div>\n<\/div>\n<div class=\"row\">\n<div class=\"col-md-12\">\n<div class=\"special-heading text-center p-t-50\">\n<h2>Ezagutu itzazu gas naturalaren abantaila guztiak eta hasi GEHIAGO aurrezten:<\/h2>\n<\/div>\n<\/div>\n<\/div>\n<div class=\"row\">\n<div class=\"col-md-4\">\n<div class=\"support-box wow fadeInUp\">\n<div class=\"support-box-icon\"><img alt=\"comodidad en el hogar\" data-src=\"https:\/\/www.nortegas.es\/assets\/uploads\/2018\/02\/comodidad.svg\" class=\" lazyload\"><\/div>\n<div class=\"support-box-title\">\n<h3><i class=\"fa fa-plus\"><\/i> EROSOAGOA<\/h3>\n<\/div>\n<div class=\"support-box-content\">\n<p>Etengabeko hornidura, ur beroa nahi duzunean izan dezazun, deposituen edo botilen beharrik izan gabe.<\/p>\n<\/div>\n<\/div>\n<\/div>\n<div class=\"col-md-4\">\n<div class=\"support-box wow fadeInUp\" data-wow-delay=\"0.2s\">\n<div class=\"support-box-icon\"><img alt=\"ventaja en el ahorro de gas natural\" data-src=\"https:\/\/www.nortegas.es\/assets\/uploads\/2018\/02\/ahorro.svg\" class=\" lazyload\"><\/div>\n<div class=\"support-box-title\">\n<h3><i class=\"fa fa-plus\"><\/i> MERKEAGOA<\/h3>\n<\/div>\n<div class=\"support-box-content\">\n<p>Kontsumitu ondoren ordaintzen duzu eta, merkatu liberalizatua denez, baterako beherapenak lor ditzakezu gasaren eta elektrizitatearen fakturan.<\/p>\n<\/div>\n<\/div>\n<\/div>\n<div class=\"col-md-4\">\n<div class=\"support-box wow fadeInUp\" data-wow-delay=\"0.4s\">\n<div class=\"support-box-icon\"><img alt=\"seguridad en el hogar\" data-src=\"https:\/\/www.nortegas.es\/assets\/uploads\/2018\/02\/seguridad.svg\" class=\" lazyload\"><\/div>\n<div class=\"support-box-title\">\n<h3><i class=\"fa fa-plus\"><\/i> SEGURUAGOA<\/h3>\n<\/div>\n<div class=\"support-box-content\">\n<p>Airea baino arinagoa, eta horrexegatik ez da pilatzen eta atmosferara doa berez.<\/p>\n<\/div>\n<\/div>\n<\/div>\n<div class=\"col-md-4\">\n<div class=\"support-box wow fadeInUp\" data-wow-delay=\"0.6s\">\n<div class=\"support-box-icon\"><img alt=\"gas natural ecol\u00f3gico\" data-src=\"https:\/\/www.nortegas.es\/assets\/uploads\/2018\/02\/ecologico.svg\" class=\" lazyload\"><\/div>\n<div class=\"support-box-title\">\n<h3><i class=\"fa fa-plus\"><\/i> IRAUNKORRAGOA<\/h3>\n<\/div>\n<div class=\"support-box-content\">\n<p>Garbiagoa eta ingurunearekin begirunetsuagoa.<\/p>\n<\/div>\n<\/div>\n<\/div>\n<div class=\"col-md-4\">\n<div class=\"support-box wow fadeInUp\" data-wow-delay=\"0.8s\">\n<div class=\"support-box-icon\"><img alt=\"confort del gas natural\" data-src=\"https:\/\/www.nortegas.es\/assets\/uploads\/2018\/02\/confort.svg\" class=\" lazyload\"><\/div>\n<div class=\"support-box-title\">\n<h3><i class=\"fa fa-plus\"><\/i> OSASUNGARRIAGOA<\/h3>\n<\/div>\n<div class=\"support-box-content\">\n<p>Zure etxerako erosoagoa, erradiadore bidezko berokuntzak airea mugitzen ez duenez, sistema egokiagoa baita arnas arazoak dituzten pertsonentzat.<\/p>\n<\/div>\n<\/div>\n<\/div>\n<div class=\"col-md-4\">\n<div class=\"support-box wow fadeInUp\" data-wow-delay=\"1s\">\n<div class=\"support-box-icon\"><img alt=\"est\u00e9tica en el hogar\" data-src=\"https:\/\/www.nortegas.es\/assets\/uploads\/2018\/02\/estetica.svg\" class=\" lazyload\"><\/div>\n<div class=\"support-box-title\">\n<h3><i class=\"fa fa-plus\"><\/i> ESTETIKOAGOA<\/h3>\n<\/div>\n<div class=\"support-box-content\">\n<p>Espazio berriak irabaziko dituzu, botilak eta deposituak ezabatuz. Instalazioa ia ez da ikusten eta oso erraza da.<\/p>\n<\/div>\n<\/div>\n<\/div>\n<\/div>\n<\/div>\n<\/section>\n\n<p><script>\ndocument.addEventListener( 'wpcf7mailsent', function( event ) {<\/script><\/p>\n<p>javascript:window.adf&amp;&amp;adf.ClickTrack(this,1711334,'Nortegas\/Reformas\/tellamamos\/Conversion Click',{orderid: '' + Math.round(Math.random() * (99999999 - 1) + 1) + '','itms':[{step: '3'}]});<\/p>\n<p>}, false );\n<\/p>\n","protected":false},"excerpt":{"rendered":"<p>Zure etxebizitza berriztatzen ari zara eta ez daukazu gas naturalik? Aprobetxatu aukera hau eta lortu gure 250 euroko laguntza gas [&hellip;]<\/p>\n","protected":false},"author":1,"featured_media":0,"parent":0,"menu_order":0,"comment_status":"closed","ping_status":"closed","template":"templates\/landing-template.php","meta":{"_acf_changed":false,"footnotes":""},"yst_prominent_words":[883,752,4552,384,3516,2501,1231,2201,24,1091,1599,2428,4233,1338,1143,885,4563,1230,2147],"class_list":["post-7512","page","type-page","status-publish","hentry"],"acf":[],"_links":{"self":[{"href":"https:\/\/www.nortegas.es\/eu\/wp-json\/wp\/v2\/pages\/7512","targetHints":{"allow":["GET"]}}],"collection":[{"href":"https:\/\/www.nortegas.es\/eu\/wp-json\/wp\/v2\/pages"}],"about":[{"href":"https:\/\/www.nortegas.es\/eu\/wp-json\/wp\/v2\/types\/page"}],"author":[{"embeddable":true,"href":"https:\/\/www.nortegas.es\/eu\/wp-json\/wp\/v2\/users\/1"}],"replies":[{"embeddable":true,"href":"https:\/\/www.nortegas.es\/eu\/wp-json\/wp\/v2\/comments?post=7512"}],"version-history":[{"count":35,"href":"https:\/\/www.nortegas.es\/eu\/wp-json\/wp\/v2\/pages\/7512\/revisions"}],"predecessor-version":[{"id":12540,"href":"https:\/\/www.nortegas.es\/eu\/wp-json\/wp\/v2\/pages\/7512\/revisions\/12540"}],"wp:attachment":[{"href":"https:\/\/www.nortegas.es\/eu\/wp-json\/wp\/v2\/media?parent=7512"}],"wp:term":[{"taxonomy":"yst_prominent_words","embeddable":true,"href":"https:\/\/www.nortegas.es\/eu\/wp-json\/wp\/v2\/yst_prominent_words?post=7512"}],"curies":[{"name":"wp","href":"https:\/\/api.w.org\/{rel}","templated":true}]}}