{"id":2851,"date":"2018-01-17T10:18:45","date_gmt":"2018-01-17T09:18:45","guid":{"rendered":"https:\/\/www.nortegas.es\/gasa-nahi-dut\/how-can-i-start-using-gas-in-my-home\/"},"modified":"2024-11-13T09:16:06","modified_gmt":"2024-11-13T08:16:06","slug":"nola-eduki-dezaket-gasa-nire-etxean","status":"publish","type":"page","link":"https:\/\/www.nortegas.es\/eu\/gasa-nahi-dut\/nola-eduki-dezaket-gasa-nire-etxean\/","title":{"rendered":"Nola eduki dezaket gasa nire etxean?"},"content":{"rendered":"<br>\n<section class=\"module module-divider-bottom module-inner bg-blog\">\n<div class=\"container\">\n<div class=\"row\">\n<div class=\"col-md-12\">\n<div class=\"panel-flotante\">\n<h4>\u00bfQuieres que te resolvamos las dudas del proceso de alta?<\/h4>\n<p><a class=\"btn btn-circle btn-xs btn-brand\" data-toggle=\"modal\" data-target=\"#modal-formulario\">Cont\u00e1ctanos aqu\u00ed<\/a><\/p>\n<p> <img alt=\"Instalador\" width=\"250\" height=\"auto\" class=\" size-full wp-image-9979 lazyload\" data-src=\"\/assets\/uploads\/2021\/10\/call-center.jpg\">                                                             <\/p>\n<\/div>\n<\/div>\n<\/div>\n<div class=\"row\">\n<div class=\"col-md-6\">\n<div class=\"special-heading\">\n<h2>Nola eduki dezaket gasa nire etxean?<\/h2>\n<\/div>\n<p>Zure etxean gasa eduki nahi baduzu eta oraindik beharrezko instalazioa ez badaukazu, zure konfiantzazko instalatzaile baimendu batekin jarri behar duzu harremanetan, instalazio-aurrekontu bat egin diezazun. Nahiago baduzu, sar zaitez <a class=\"inner-link\" href=\"https:\/\/www.nortegas.es\/eu\/gas-renove\/\"><strong><strong>Gas Renove<\/strong><\/strong><\/a>n, jarri gurekin harremanetan eta zure eskaera kudeatuko dugu.<\/p>\n<p>Laster, enpresa instalatzaile baimendu bat harremanetan jarriko da zurekin, zalantzak argitzeko eta zure beharrekin bat datorren instalazio-proposamen bat egiteko.<\/p>\n<\/div>\n<div class=\"col-md-6\">\n\t\t\t\t\t\t\t\t\t\t<img alt=\"gas en tu vivienda\" data-src=\"\/assets\/uploads\/2018\/03\/disponer-de-gas.jpg\" class=\" lazyload\">\n\t\t\t\t\t\t\t\t<\/div>\n<\/div>\n<div class=\"row\">\n<div class=\"col-md-12 p-t-50\">\n<div class=\"special-heading text-center\">\n<h2>Zertan datza alta-prozesua?<\/h2>\n<\/div>\n<p class=\"text-center\">El proceso de alta se resume en 3 sencillos pasos, como detallamos a continuaci\u00f3n.<\/p>\n<\/div>\n<div class=\"col-md-4\">\n<div class=\"numberCircle circle-shadow m-b-30\">1<\/div>\n<p>Hautatu duzun merkaturatzailearen bitartez bideratutako alta-eskaera jaso ostean, zurekin jarriko gara harremanetan kontagailua muntatzeko eta zure instalazioa egiaztatzeko. Aurretiko probak egindakoan eta araudiarekin bat datorrela ziurtatutakoan, <span class=\"blue-bold-text\">NORTEGAS<\/span>ek erabiltzeko moduan utziko du zure gas-instalazioa, eta horren berri emango dio zure merkaturatzaileari.<\/p>\n<\/div>\n<div class=\"col-md-4\">\n<div class=\"numberCircle circle-shadow m-b-30\">2<\/div>\n<p>Gogoratu: instalazioa ikuskatu ahal izateko, gas-instalazioaren ziurtagiria aurkeztu behar duzu, berdin hornidura-puntu berria izan edo urtebete baino gehiago zerbitzurik gabe daraman instalazio baten konexioa izan. Enpresa instalatzaile batek emango dizu ziurtagiria<\/p>\n<\/div>\n<div class=\"col-md-4\">\n<div class=\"numberCircle circle-shadow m-b-30\">3<\/div>\n<p>Une horretatik aurrera, zure enpresa merkaturatzailea arduratuko da fakturak bidaltzeaz eta gas naturalaren horniduragatiko kobrantzak kudeatzeaz. <span class=\"blue-bold-text\">NORTEGAS<\/span>ekook, enpresa banatzailea garen aldetik, kontagailuen irakurketaz eta 24 orduko larrialdietako zerbitzuez arduratuko gara, baita zure instalazioari 5 urtean behin aldizkako ikuskapena egiteaz ere, nahi baduzu.<\/p>\n<\/div>\n<\/div>\n<div class=\"row\">\n<div class=\"col-md-12\">\n<img alt=\"alta gas en hogares\" width=\"1100\" height=\"580\" class=\"alignnone size-full wp-image-3312 lazyload\" data-src=\"\/assets\/uploads\/2018\/03\/familia-cocina.jpg\" srcset=\"https:\/\/www.nortegas.es\/assets\/uploads\/2018\/03\/familia-cocina.jpg 1100w, https:\/\/www.nortegas.es\/assets\/uploads\/2018\/03\/familia-cocina-300x158.jpg 300w, https:\/\/www.nortegas.es\/assets\/uploads\/2018\/03\/familia-cocina-768x405.jpg 768w, https:\/\/www.nortegas.es\/assets\/uploads\/2018\/03\/familia-cocina-1024x540.jpg 1024w\" sizes=\"(max-width: 709px) 85vw, (max-width: 909px) 67vw, (max-width: 1362px) 62vw, 840px\" \/>\n<\/div>\n<\/div>\n<div class=\"row\">\n<div class=\"col-md-12 p-t-50\">\n<div class=\"special-heading text-center\">\n<h2>Gasa kontrata dezaket?<\/h2>\n<\/div>\n<\/div>\n<\/div>\n<div class=\"row\">\n<div class=\"col-md-6\">\n<p>Gas-instalazio bukatua baduzu eta enpresa instalatzaileak egindako ziurtagiria badaukazu, gas naturaleko hornidura kontrata dezakezu enpresa merkaturatzaile batekin. Hautatzen duzun konpainia merkaturatzailea arduratuko da gas naturalean alta hartzeko zure eskaera guri bidaltzeaz.<\/p>\n<p>Bi kontratazio-aukera daude:<\/p>\n<ul class=\"list-icon\">\n<li><span class=\"bold-text\">Hornidura merkaturatzaile batekin askatasunez adostutako prezioan eta baldintzetan kontratatzea<\/span>. Merkatu librean, konpainiek energiaren prezioa ezartzen dute eta kontsumitzaileak gehien interesatzen zaion tarifa aukeratzen du.<\/li>\n<li><span class=\"bold-text\">Azken baliabideko tarifari heltzea<\/span>. Tarifa honetan, Administrazioak ezartzen du prezioa. Gasbideetara konektatuta dauden kontsumitzaileek onar dezakete, baldin eta gasbideon presioa 4 bar edo gutxiago bada eta urteko kontsumoa 50.000 kWh baino gutxiago bada. Azken baliabideko bi tarifa daude, bezeroaren urteko kontsumoaren arabera:\n<ul class=\"list-icon p-t-20\">\n<li><span class=\"bold-text\">T.1<\/span> urteko 5.000 kWh baino gutxiagoko kontsumorako. Kontsumo-maila hori ohikoa da gas naturalezko ur-berogailua eta\/edo sukaldea dituzten etxebizitzetan.<\/li>\n<li><span class=\"bold-text\">T.2<\/span> urteko 5.000 kWh baino gehiagoko eta urteko 50.000 kWh baino gutxiagoko kontsumorako. Kontsumo-maila hori ohikoa da gas naturalezko berokuntza duten etxebizitzetan.<\/li>\n<\/ul>\n<\/li>\n<\/ul>\n<\/div>\n<div class=\"col-md-6\">\n<img alt=\"termostato gas natural\" width=\"850\" height=\"805\" class=\"alignnone size-full wp-image-3355 lazyload\" data-src=\"\/assets\/uploads\/2018\/03\/termostato-gas-natural.jpg\">\n<\/div>\n<div class=\"col-md-12\">\n<p>Enpresa merkaturatzaile hauek hartzen dute beren gain azken baliabideko hornidura emateko betebeharra:<\/p>\n<ul class=\"list-icon\">\n<li><span class=\"bold-text\">1. <\/span>Endesa Energ\u00eda XXI, S.L.U.<\/li>\n<li><span class=\"bold-text\">2. <\/span>Gas Natural S.U.R. SDG, S.A.<\/li>\n<li><span class=\"bold-text\">3. <\/span>EDP Comercializadora de \u00daltimo Recurso, S.A.U.<\/li>\n<li><span class=\"bold-text\">4. <\/span>Iberdrola Comercializaci\u00f3n de \u00daltimo Recurso, S.A.U.<\/li>\n<\/ul>\n<p>Nahi baduzu, hornidura merkaturatzaile batekin askatasunez adostutako prezioan eta baldintzetan kontratatzea aukera dezakezu.<\/p>\n<p>Gas naturalaren merkatuaren zenbait alderdi <a href=\"https:\/\/www.cnmc.es\/\" class=\"inner-link\" target=\"_blank\" rel=\"noopener\"><strong>MLBN<\/strong>ren <\/a>webgunean kontsulta ditzakezu, Energia\/Kontsumitzaileak\/Gas naturala atalean; bestela, 91 432 96 00 telefono-zenbakira dei dezakezu.<\/p>\n<p>Errazago aukera dezazun, <a href=\"https:\/\/sede.cnmc.gob.es\/listado\/censo\/4\" class=\"inner-link\" target=\"_blank\" rel=\"noopener\"><strong>MLBNk argitaratutako gas-merkaturatzaileen zerrenda osoa<\/strong><\/a> helarazten dizugu, bezeroarentzako arretarako telefonoak barne. <\/p>\n<\/div>\n<\/div><\/div>\n<\/section>\n<div class=\"modal fade\" id=\"modal-formulario\">\n<div class=\"modal-dialog\">\n<div class=\"modal-content\">\n<div class=\"modal-header\">\n<h5 class=\"modal-title\">Nola eduki dezaket gasa nire etxean?<\/h5>\n<p><button class=\"close\" type=\"button\" data-dismiss=\"modal\" aria-label=\"Close\"><span>\u00d7<\/span><\/button>\n<\/p><\/div>\n<div class=\"modal-body\">\n<div class=\"form-crm-particulares__wrapper contactoMapa\">\n<div class=\"wpcf7 no-js\" id=\"wpcf7-f10122-o1\" lang=\"es-ES\" dir=\"ltr\" data-wpcf7-id=\"10122\">\n<div class=\"screen-reader-response\"><p role=\"status\" aria-live=\"polite\" aria-atomic=\"true\"><\/p> <ul><\/ul><\/div>\n<form action=\"\/eu\/wp-json\/wp\/v2\/pages\/2851#wpcf7-f10122-o1\" method=\"post\" class=\"wpcf7-form init\" aria-label=\"Contact form\" novalidate=\"novalidate\" data-status=\"init\">\n<fieldset class=\"hidden-fields-container\"><input type=\"hidden\" name=\"_wpcf7\" value=\"10122\"><input type=\"hidden\" name=\"_wpcf7_version\" value=\"6.1.5\"><input type=\"hidden\" name=\"_wpcf7_locale\" value=\"es_ES\"><input type=\"hidden\" name=\"_wpcf7_unit_tag\" value=\"wpcf7-f10122-o1\"><input type=\"hidden\" name=\"_wpcf7_container_post\" value=\"0\"><input type=\"hidden\" name=\"_wpcf7_posted_data_hash\" value=\"\"><input type=\"hidden\" name=\"_wpcf7_recaptcha_response\" value=\"\">\n<\/fieldset>\n<div id=\"form-cliente-potencial-particulares\" class=\"form-inline\">\n\t<div class=\"input-group mb-2 mr-sm-2 mb-sm-0 mt-sm-1\">\n\t\t<div>\n\t\t\t<p><span class=\"wpcf7-form-control-wrap\" data-name=\"crm-particulares-nombre\"><input size=\"40\" maxlength=\"400\" class=\"wpcf7-form-control wpcf7-text wpcf7-validates-as-required input-group mb-2 mr-sm-2 mb-sm-1 form-control\" aria-required=\"true\" aria-invalid=\"false\" placeholder=\"Izena eta abizenak\" value=\"\" type=\"text\" name=\"crm-particulares-nombre\"><\/span>\n\t\t\t<\/p>\n\t\t<\/div>\n\t\t<div>\n\t\t\t<p><span class=\"wpcf7-form-control-wrap\" data-name=\"crm-particulares-telefono\"><input size=\"40\" maxlength=\"400\" class=\"wpcf7-form-control wpcf7-tel wpcf7-validates-as-required wpcf7-text wpcf7-validates-as-tel input-group mb-2 mr-sm-2 mb-sm-1 form-control\" aria-required=\"true\" aria-invalid=\"false\" placeholder=\"Telefonoa\" value=\"\" type=\"tel\" name=\"crm-particulares-telefono\"><\/span>\n\t\t\t<\/p>\n\t\t<\/div>\n\t\t<div>\n\t\t\t<p><span class=\"wpcf7-form-control-wrap\" data-name=\"crm-particulares-email\"><input size=\"40\" maxlength=\"400\" class=\"wpcf7-form-control wpcf7-email wpcf7-validates-as-required wpcf7-text wpcf7-validates-as-email input-group mr-sm-2 mb-sm-1 form-control\" aria-required=\"true\" aria-invalid=\"false\" placeholder=\"Eposta\" value=\"\" type=\"email\" name=\"crm-particulares-email\"><\/span>\n\t\t\t<\/p>\n\t\t<\/div>\n\t<\/div>\n\t<div class=\"input-group mb-2 mr-sm-2 mb-sm-0\">\n\t\t<article class=\"custom-municipio-autocomplete__wrapper\">\n\t\t\t<p><span class=\"wpcf7-form-control-wrap\" data-name=\"crm-particulares-municipio\"><input size=\"40\" maxlength=\"400\" class=\"wpcf7-form-control wpcf7-text wpcf7-validates-as-required input-group mb-2 mr-sm-2 mb-sm-1 form-control custom-municipio-autocomplete\" aria-required=\"true\" aria-invalid=\"false\" placeholder=\"Herria\" value=\"\" type=\"text\" name=\"crm-particulares-municipio\"><\/span>\n\t\t\t<\/p>\n\t\t<\/article>\n\t\t<article>\n\t\t\t<p><span class=\"wpcf7-form-control-wrap\" data-name=\"crm-particulares-direccion\"><input size=\"40\" maxlength=\"400\" class=\"wpcf7-form-control wpcf7-text wpcf7-validates-as-required input-group mb-2 mr-sm-2 mb-sm-1 form-control grande\" aria-required=\"true\" aria-invalid=\"false\" placeholder=\"Kalea, ataria, solairua eta atea\" value=\"\" type=\"text\" name=\"crm-particulares-direccion\"><\/span>\n\t\t\t<\/p>\n\t\t<\/article>\n\t\t<article>\n\t\t\t<p><input class=\"wpcf7-form-control wpcf7-submit btn btn-round btn-brand\" id=\"submit-form-crm-particulares\" type=\"submit\" value=\"Bidali\">\n\t\t\t<\/p>\n\t\t<\/article>\n\t<\/div>\n\t<div class=\"form-check text-left p-t-10 p-l-10\">\n\t\t<p><label class=\"custom-control custom-checkbox\"><span class=\"wpcf7-form-control-wrap\" data-name=\"crm-particulares-aceptacion\"><span class=\"wpcf7-form-control wpcf7-acceptance\"><span class=\"wpcf7-list-item\"><input type=\"checkbox\" name=\"crm-particulares-aceptacion\" value=\"1\" aria-invalid=\"false\"><\/span><\/span><\/span><span class=\"custom-control-description\"><span class=\"only-es\">Acepto el <a href=\"\/informacion-basica-de-proteccion-de-datos-de-caracter-personal\/\" target=\"_blank\" class=\"privacidad-link\">tratamiento de mis datos personales, as\u00ed como el env\u00edo de publicidad por medios electr\u00f3nicos<\/a>.<\/span><span class=\"only-en\">I Acept <a href=\"\/en\/legal-notice\/\" target=\"_blank\" class=\"privacidad-link\">legal notice<\/a>.<\/span><span class=\"only-eu\">Onartzen ditut <a href=\"\/eu\/datu-pertsonalen-babesari-buruzko-oinarrizko-informazioa\/\" target=\"_blank\" class=\"privacidad-link\">datu pertsonalen babesari buruzko oinarrizko informazioa<\/a>.<\/span><\/span><\/label>\n\t\t<\/p>\n\t<\/div>\n<\/div>\n<footer class=\"form-response__wrapper\">\n<div class=\"wpcf7-response-output\" aria-hidden=\"true\"><\/div>\n\t<div class=\"cf7-custom-response-ok\">\n\t\t<p><span class=\"only-es\">Solicitud enviada correctamente<\/span><span class=\"only-eu\">Eskaera behar bezala bidali da<\/span>\n\t\t<\/p>\n\t<\/div>\n<\/footer>\n<style type=\"text\/css\">#form-cliente-potencial-particulares .input-group p {margin-bottom : 5px;}\n<\/style>\n<\/form>\n<\/div>\n<\/div>\n<\/div>\n<\/div>\n<\/div>\n<\/div>\n","protected":false},"excerpt":{"rendered":"<p>\u00bfQuieres que te resolvamos las dudas del proceso de alta? Cont\u00e1ctanos aqu\u00ed Nola eduki dezaket gasa nire etxean? Zure etxean [&hellip;]<\/p>\n","protected":false},"author":1,"featured_media":0,"parent":2832,"menu_order":0,"comment_status":"closed","ping_status":"closed","template":"templates\/pagina-template.php","meta":{"_acf_changed":false,"footnotes":""},"yst_prominent_words":[181,180,183,176,184,177,156,186,179,157,161,185,178,182,162],"class_list":["post-2851","page","type-page","status-publish","hentry"],"acf":[],"_links":{"self":[{"href":"https:\/\/www.nortegas.es\/eu\/wp-json\/wp\/v2\/pages\/2851","targetHints":{"allow":["GET"]}}],"collection":[{"href":"https:\/\/www.nortegas.es\/eu\/wp-json\/wp\/v2\/pages"}],"about":[{"href":"https:\/\/www.nortegas.es\/eu\/wp-json\/wp\/v2\/types\/page"}],"author":[{"embeddable":true,"href":"https:\/\/www.nortegas.es\/eu\/wp-json\/wp\/v2\/users\/1"}],"replies":[{"embeddable":true,"href":"https:\/\/www.nortegas.es\/eu\/wp-json\/wp\/v2\/comments?post=2851"}],"version-history":[{"count":9,"href":"https:\/\/www.nortegas.es\/eu\/wp-json\/wp\/v2\/pages\/2851\/revisions"}],"predecessor-version":[{"id":14524,"href":"https:\/\/www.nortegas.es\/eu\/wp-json\/wp\/v2\/pages\/2851\/revisions\/14524"}],"up":[{"embeddable":true,"href":"https:\/\/www.nortegas.es\/eu\/wp-json\/wp\/v2\/pages\/2832"}],"wp:attachment":[{"href":"https:\/\/www.nortegas.es\/eu\/wp-json\/wp\/v2\/media?parent=2851"}],"wp:term":[{"taxonomy":"yst_prominent_words","embeddable":true,"href":"https:\/\/www.nortegas.es\/eu\/wp-json\/wp\/v2\/yst_prominent_words?post=2851"}],"curies":[{"name":"wp","href":"https:\/\/api.w.org\/{rel}","templated":true}]}}