{"id":15819,"date":"2025-11-11T10:17:39","date_gmt":"2025-11-11T09:17:39","guid":{"rendered":"https:\/\/www.nortegas.es\/proteccion-de-datos\/"},"modified":"2025-11-11T10:40:59","modified_gmt":"2025-11-11T09:40:59","slug":"datuen-babesa","status":"publish","type":"page","link":"https:\/\/www.nortegas.es\/eu\/datuen-babesa\/","title":{"rendered":"DATUEN BABESARI BURUZKO INFORMAZIOA"},"content":{"rendered":"<section class=\"module module-divider-bottom module-inner bg-blog\">\n<div class=\"container\">\n<div class=\"row\">\n<div class=\"col-md-12 m-auto\">\n<div class=\"special-heading m-b-40\">\n<h2>Nork tratatzen ditu zure datuak?<\/h2>\n<\/div>\n<p>NORTEGAS ENERG\u00cdA DISTRIBUCI\u00d3N, SAUk, Euskal Autonomia Erkidegoan dauden instalazioetarako; NED ESPA\u00d1A DISTRIBUCI\u00d3N GAS, SAk, Kantabrian edo Asturiasen dauden instalazioetarako; NED SUMINISTRO GLP, SAk, PGLren bezeroen kasurako.<\/p>\n<div class=\"special-heading m-b-40\">\n<h2>Zein helbururekin?<\/h2>\n<\/div>\n<p>Bezeroaren Gunean egiten ari zaren erregistroa modu eraginkorrean gauzatzeko, aurrerantzean zure titulartasuneko energia-hornidurarekin zerikusia duten inguruabar guztien eta gas-instalazioaren mantentze-lanei dagokienez duzun erantzukizunaren berri izan dezazun.<\/p>\n<div class=\"special-heading m-b-40\">\n<h2>Zergatik egin dezake?<\/h2>\n<\/div>\n<p>Erregistroa egitean ematen diguzun baimenagatik, Hidrokarburoen Sektoreko Legean eta hura garatzen duen araudian ezarritako legezko betebeharrak beteta.<\/p>\n<div class=\"special-heading m-b-40\">\n<h2>Nork gehiago ikusiko ditu zure datuak?<\/h2>\n<\/div>\n<p>Zure erregistro-datuak ez zaizkie hirugarren batzuei emango, zuk egindako kudeaketen arabera beharrezkoak diren jakinarazpenak egiteko aukerari kalterik egin gabe. Horretarako, Informazio gehiago atalera jo.<\/p>\n<div class=\"special-heading m-b-40\">\n<h2>Zein eskubide dituzu?<\/h2>\n<\/div>\n<p>Zure datuak kontsultatzeko, zuzentzeko, ezabatzeko, haien aurka egiteko eta tratamendua mugatzeko eskubidea, eta baita informazio gehigarrian zehaztu diren beste eskubide batzuk ere.<\/p>\n<div class=\"special-heading m-b-40\">\n<h2>Informazio gehiago<\/h2>\n<\/div>\n<p>Zure datuen tratamenduari buruzko informazio gehiago aurkituko duzu <a class=\"inner-link\" href=\"https:\/\/www.nortegas.es\/eu\/datu-tratamendurako-baldintzak\/\" target=\"_blank\">duzu datuen tratamenduaren baldintzetan<\/a>.<\/p>\n<\/div>\n<\/div>\n<\/div>\n<\/section>\n","protected":false},"excerpt":{"rendered":"<p>Nork tratatzen ditu zure datuak? NORTEGAS ENERG\u00cdA DISTRIBUCI\u00d3N, SAUk, Euskal Autonomia Erkidegoan dauden instalazioetarako; NED ESPA\u00d1A DISTRIBUCI\u00d3N GAS, SAk, Kantabrian [&hellip;]<\/p>\n","protected":false},"author":1,"featured_media":0,"parent":0,"menu_order":0,"comment_status":"closed","ping_status":"closed","template":"templates\/pagina-template.php","meta":{"_acf_changed":false,"footnotes":""},"yst_prominent_words":[4205,1649,710,888,4203,4202,958,383,1221,1246,1241,1007,4204,4207,2010,1643],"class_list":["post-15819","page","type-page","status-publish","hentry"],"acf":[],"_links":{"self":[{"href":"https:\/\/www.nortegas.es\/eu\/wp-json\/wp\/v2\/pages\/15819","targetHints":{"allow":["GET"]}}],"collection":[{"href":"https:\/\/www.nortegas.es\/eu\/wp-json\/wp\/v2\/pages"}],"about":[{"href":"https:\/\/www.nortegas.es\/eu\/wp-json\/wp\/v2\/types\/page"}],"author":[{"embeddable":true,"href":"https:\/\/www.nortegas.es\/eu\/wp-json\/wp\/v2\/users\/1"}],"replies":[{"embeddable":true,"href":"https:\/\/www.nortegas.es\/eu\/wp-json\/wp\/v2\/comments?post=15819"}],"version-history":[{"count":2,"href":"https:\/\/www.nortegas.es\/eu\/wp-json\/wp\/v2\/pages\/15819\/revisions"}],"predecessor-version":[{"id":15820,"href":"https:\/\/www.nortegas.es\/eu\/wp-json\/wp\/v2\/pages\/15819\/revisions\/15820"}],"wp:attachment":[{"href":"https:\/\/www.nortegas.es\/eu\/wp-json\/wp\/v2\/media?parent=15819"}],"wp:term":[{"taxonomy":"yst_prominent_words","embeddable":true,"href":"https:\/\/www.nortegas.es\/eu\/wp-json\/wp\/v2\/yst_prominent_words?post=15819"}],"curies":[{"name":"wp","href":"https:\/\/api.w.org\/{rel}","templated":true}]}}