{"id":4740,"date":"2018-04-04T15:08:57","date_gmt":"2018-04-04T14:08:57","guid":{"rendered":"https:\/\/www.nortegas.es\/cookies\/"},"modified":"2019-01-22T12:53:41","modified_gmt":"2019-01-22T11:53:41","slug":"cookies","status":"publish","type":"page","link":"https:\/\/www.nortegas.es\/en\/cookies\/","title":{"rendered":"Cookies"},"content":{"rendered":"<br>\n<section class=\"module module-divider-bottom module-inner bg-blog\">\n<div class=\"container\">\n<p>\t\t\t\t\t<!----><\/p>\n<div class=\"row\">\n<div class=\"col-md-12\">\n<div class=\"special-heading m-t-40\">\n<h2>Informaci\u00f3n esencial sobre Cookies<\/h2>\n<\/div>\n<p>El presente sitio nortegas.es es titularidad de <span class=\"blue-bold-text\">NORTEGAS ENERGIA DISTRIBUCI\u00d3N S.A.U.<\/span><br>\n\t\t\t\t\t\t\tEsta web utiliza cookies propias y de terceros para mejorar la experiencia de usuario y ofrecer contenidos adaptados a sus intereses,<br>\n\t\t\t\t\t\t\tmediante la personalizaci\u00f3n de espacios publicitarios.<br>\n\t\t\t\t\t\t\tCon el registro en la web y\/o la mera navegaci\u00f3n (con el navegador habilitado para aceptar cookies),<br>\n\t\t\t\t\t\t\tel usuario acepta la instalaci\u00f3n de cookies, salvo que se oponga a ello, tal y como se informa en nuestra Pol\u00edtica de Cookies.<\/p>\n<div class=\"special-heading m-t-40\">\n<h2>Pol\u00edtica de Cookies<\/h2>\n<\/div>\n<p>Nuestra Pol\u00edtica de Cookies est\u00e1 sujeta a actualizaciones peri\u00f3dicas. Su prop\u00f3sito es ayudarle a comprender<br>\n\t\t\t\t\t\t\tel uso que hacemos de las cookies, la finalidad de las cookies utilizadas, as\u00ed como las opciones<br>\n\t\t\t\t\t\t\tque tiene el usuario para gestionarlas.<\/p>\n<p>Los usuarios pueden acceder a esta informaci\u00f3n en todo momento a trav\u00e9s del link habilitado en la web. Asimismo<br>\n\t\t\t\t\t\t\tpodr\u00e1n modificar sus preferencias sobre la aceptaci\u00f3n de cookies a trav\u00e9s de las opciones de su navegador.<\/p>\n<div class=\"special-heading m-t-40\">\n<h2>\u00bfQu\u00e9 es una Cookie?<\/h2>\n<\/div>\n<p>Una \u201cCookie\u201d es un peque\u00f1o archivo de texto que un sitio web almacena en el navegador del usuario.<br>\n\t\t\t\t\t\t\tLas cookies facilitan el uso y la navegaci\u00f3n por una p\u00e1gina web y son esenciales para el funcionamiento<br>\n\t\t\t\t\t\t\tde internet, aportando innumerables ventajas en la prestaci\u00f3n de servicios interactivos.<\/p>\n<p>Las cookies se utilizan, por ejemplo, para gestionar la sesi\u00f3n del usuario<br>\n\t\t\t\t\t\t\t(reduciendo el n\u00famero de veces que tiene que incluir su contrase\u00f1a), mejorar los servicios<br>\n\t\t\t\t\t\t\tofrecidos, o para adecuar los contenidos de una p\u00e1gina web a sus preferencias.<\/p>\n<p>Las cookies pueden ser de \u201csesi\u00f3n\u201d, por lo que se borrar\u00e1n una vez el usuario abandone la<br>\n\t\t\t\t\t\t\tp\u00e1gina web que las gener\u00f3 o \u201cpersistentes\u201d, que permanecen en su ordenador hasta una fecha determinada.<\/p>\n<p>Asimismo, las cookies pueden ser \u201cpropias\u201d, gestionadas por el dominio al que el usuario accede<br>\n\t\t\t\t\t\t\ty del que solicita un determinado servicio (en este caso los domicilio<br>\n\t\t\t\t\t\t\ttitularidad de <span class=\"blue-bold-text\">NORTEGAS ENERGIA DISTRIBUCI\u00d3N S.A.U.<\/span> o \u201ccookies de terceros\u201d, enviadas<br>\n\t\t\t\t\t\t\tal equipo de usuario desde un dominio diferente al que se accede.<\/p>\n<div class=\"special-heading m-t-40\">\n<h2>Cookies utilizadas<\/h2>\n<\/div>\n<p><\/p><h4>Cookies comunes de nortegas.es<\/h4>\n\n<p>En los siguientes puntos recogen las cookies utilizadas por todos los sitios que abarca el estudio, tanto las de la propia aplicaci\u00f3n como las de terceros.<\/p>\n<ul class=\"lista\">\n<li>\n\t\t\t\t\t\t\t\t\t\t<b>Cookie de sesi\u00f3n (JSESSIONID):<\/b> Sirve para identificar inequ\u00edvocamente a cada usuario que accede a la aplicaci\u00f3n Esta cookie es necesaria para usar estos sitios web, por lo que si el usuario decide eliminar esta cookie de su dispositivo, el sitio web no funcionar\u00e1 correctamente.\n<\/li>\n<li>\n\t\t\t\t\t\t\t\t\t\t<b>Cookies de terceros:<\/b> Cookies Anal\u00edticas (Google Analytics): estas cookies recaban datos estad\u00edsticos sobre el uso y navegaci\u00f3n del usuario por el Sitio Web. <span class=\"blue-bold-text\">NORTEGAS ENERGIA DISTRIBUCI\u00d3N S.A.U.<\/span> no recibe en ning\u00fan caso informaci\u00f3n personal. En el caso de los subdominios estas cookies pueden estar duplicadas.\n\t\t\t\t\t\t\t\t\t<\/li>\n<div class=\"col-md-12 bullets-enlaces-nortegas\">\n<ul class=\"list-icon\">\n<li>_utma: Esta cookie genera un ID de usuario \u00fanico, que es el que se utiliza para hacer recuento de cuantas veces visita el sitio un usuario. Tambi\u00e9n registra cuando fue la primera y la \u00faltima vez que visti\u00f3 la web. Esta cookies es de tipo persistente.<\/li>\n<li>_utmb, _utmc: Estas cookies se usan para calcular cuando se ha terminado una sesi\u00f3n.<\/li>\n<li>cookiesDisclosureCount: Identificar el n\u00famero de veces que se ha accedido a la web para no mostrar el mensaje.<\/li>\n<\/ul><\/div>\n<\/ul>\n<ul class=\"lista\">\n<li>\n\t\t\t\t\t\t\t\t\t\t<b>Cookies de rendimiento:<\/b> necesarias para el mantenimiento de contenidos y navegaci\u00f3n, de las que s\u00f3lo es necesario informar sobre su existencia.\n\t\t\t\t\t\t\t\t\t<\/li>\n<div class=\"col-md-12 bullets-enlaces-nortegas\">\n<ul class=\"list-icon\">\n<li>cookiesDirective: Identificar si el usuario no desea que se le vuela a mostrar el mensaje de uso de cookies.<\/li>\n<li>cookiesDisclosureCount: Identificar el n\u00famero de veces que se ha accedido a la web para no mostrar el mensaje.<\/li>\n<\/ul><\/div>\n<\/ul>\n<p>M\u00e1s informaci\u00f3n: <a href=\"https:\/\/www.google.com\/analytics\/learn\/privacy.html?hl=es\" target=\"_blank\" class=\"inner-link\">https:\/\/www.google.com\/analytics\/learn\/privacy.html?hl=es<\/a><\/p>\n<div class=\"special-heading m-t-40\">\n<h2>Desahibilitar el uso de Cookies<\/h2>\n<\/div>\n<p>Si el usuario as\u00ed lo desea, es posible dejar de aceptar las <b>Cookies<\/b> del navegador, o dejar de aceptar las <b>Cookies<\/b> de un servicio en particular.<\/p>\n<p>Todos los navegadores modernos permiten cambiar la configuraci\u00f3n de <b>Cookies<\/b>. Estos ajustes normalmente se encuentran en las \u201cOpciones\u201d o \u201cPreferencias\u201d del men\u00fa del <b>navegador<\/b>.<\/p>\n<p>El usuario podr\u00e1, en cualquier momento, deshabilitar el uso de Cookies en este sitio web mendiante:<\/p>\n<ul class=\"lista\">\n<li>\n\t\t\t\t\t\t\t\t\t\tLa configuraci\u00f3n del navegador, por ejemplo:\n\t\t\t\t\t\t\t\t\t<\/li>\n<div class=\"col-md-12 bullets-enlaces-nortegas\">\n<ul class=\"list-icon\">\n<li><b>Google Chrome:<\/b> <a href=\"http:\/\/support.google.com\/chrome\/answer\/95647\" target=\"_blank\" class=\"inner-link\">http:\/\/support.google.com\/chrome\/answer\/95647<\/a><\/li>\n<li><b>Internet Explorere:<\/b> <a href=\"https:\/\/support.microsoft.com\/es-es\/products\/windows?os=windows-10\" target=\"_blank\" class=\"inner-link\">https:\/\/support.microsoft.com\/es-es\/products\/windows?os=windows-10<\/a><\/li>\n<li><b>Google Chrome:<\/b> <a href=\"https:\/\/support.mozilla.org\/es\/kb\/habilitar-y-deshabilitar-cookies-sitios-web-rastrear-preferencias?redirectlocale=es&amp;redirectslug=habilitar-y-deshabilitar-cookies-que-los-sitios-we\" target=\"_blank\" class=\"inner-link\">https:\/\/support.mozilla.org\/es\/kb\/habilitar-y-deshabilitar-cookies-sitios-web-rastrear-preferencias?redirectlocale=es&amp;redirectslug=habilitar-y-deshabilitar-cookies-que-los-sitios-we<\/a><\/li>\n<li><b>Google Chrome:<\/b> <a href=\"https:\/\/support.apple.com\/kb\/ph5042?locale=es_ES\" target=\"_blank\" class=\"inner-link\">https:\/\/support.apple.com\/kb\/ph5042?locale=es_ES<\/a><\/li>\n<\/ul><\/div>\n<\/ul><\/div>\n<\/div>\n<p>\t\t\t\t\t\t<!----><\/p><\/div>\n<\/section>\n","protected":false},"excerpt":{"rendered":"<p>Informaci\u00f3n esencial sobre Cookies El presente sitio nortegas.es es titularidad de NORTEGAS ENERGIA DISTRIBUCI\u00d3N S.A.U. Esta web utiliza cookies propias [&hellip;]<\/p>\n","protected":false},"author":1,"featured_media":0,"parent":0,"menu_order":0,"comment_status":"closed","ping_status":"closed","template":"templates\/pagina-template.php","meta":{"_acf_changed":false,"footnotes":""},"yst_prominent_words":[1873,1874,1869,1867,1847,1846,1844,2437,1871,1845,604,44,1875,1870,1815,1868,1866,1872,1819,1818],"class_list":["post-4740","page","type-page","status-publish","hentry"],"acf":[],"_links":{"self":[{"href":"https:\/\/www.nortegas.es\/en\/wp-json\/wp\/v2\/pages\/4740","targetHints":{"allow":["GET"]}}],"collection":[{"href":"https:\/\/www.nortegas.es\/en\/wp-json\/wp\/v2\/pages"}],"about":[{"href":"https:\/\/www.nortegas.es\/en\/wp-json\/wp\/v2\/types\/page"}],"author":[{"embeddable":true,"href":"https:\/\/www.nortegas.es\/en\/wp-json\/wp\/v2\/users\/1"}],"replies":[{"embeddable":true,"href":"https:\/\/www.nortegas.es\/en\/wp-json\/wp\/v2\/comments?post=4740"}],"version-history":[{"count":1,"href":"https:\/\/www.nortegas.es\/en\/wp-json\/wp\/v2\/pages\/4740\/revisions"}],"predecessor-version":[{"id":4741,"href":"https:\/\/www.nortegas.es\/en\/wp-json\/wp\/v2\/pages\/4740\/revisions\/4741"}],"wp:attachment":[{"href":"https:\/\/www.nortegas.es\/en\/wp-json\/wp\/v2\/media?parent=4740"}],"wp:term":[{"taxonomy":"yst_prominent_words","embeddable":true,"href":"https:\/\/www.nortegas.es\/en\/wp-json\/wp\/v2\/yst_prominent_words?post=4740"}],"curies":[{"name":"wp","href":"https:\/\/api.w.org\/{rel}","templated":true}]}}