{"id":4247,"date":"2018-01-16T17:46:49","date_gmt":"2018-01-16T16:46:49","guid":{"rendered":"https:\/\/www.nortegas.es\/our-business\/distribution-of-propane-gas\/precios-de-los-servicios-propano\/"},"modified":"2019-01-22T15:43:08","modified_gmt":"2019-01-22T14:43:08","slug":"price-of-services","status":"publish","type":"page","link":"https:\/\/www.nortegas.es\/en\/our-business\/distribution-of-propane-gas\/price-of-services\/","title":{"rendered":"Price of services"},"content":{"rendered":"<section class=\"module module-divider-bottom module-inner bg-blog\">\n<div class=\"container\">\n<p>\t\t\t\t\t<!-- fila 01--><\/p>\n<div class=\"row\">\n<div class=\"col-md-12\">\n<div class=\"special-heading\">\n<h2>Tarifas Suministro de GLP Canalizado<\/h2>\n<\/div>\n<\/div>\n<div class=\"col-md-12 m-b-40\">\n<table cellspacing=\"0\">\n\t\t\t\t\t\t\t\t\t\t\t\t\t<!-- cellspacing='0' is important, must stay --><br>\n\t\t\t\t\t\t\t\t\t\t\t\t\t<!-- Table Header -->\n<thead>\n<tr>\n<th>Fecha Publicaci\u00f3n BOE<\/th>\n<th>N\u00famero de BOE<\/th>\n<th>Fecha de Vigencia<\/th>\n<th>T\u00e9rmino Variable (\u20ac\/kg)<\/th>\n<th>T\u00e9rmino Fijo (\u20ac\/mes)<\/th>\n<\/tr>\n<\/thead>\n<p>\t\t\t\t\t\t\t\t\t\t\t\t\t<!-- Table Header --><br>\n\t\t\t\t\t\t\t\t\t\t\t\t\t<!-- Table Body --><\/p>\n<tbody>\n\t\t\t\t\t\t\t\t\t\t\t\t\t\t<!-- bloque01 -->\n<tr class=\"second-title\">\n<td colspan=\"5\">Precios sin I.V.A. incluido. Al precio del t\u00e9rmino variable, en factura se a\u00f1aden 0,015 \u20ac\/Kg correspondientes al Impuesto Especial de Hidrocarburos (IEH).<\/td>\n<\/tr>\n<p>\t\t\t\t\t\t\t\t\t\t\t\t\t\t<!-- bloque02 --><\/p>\n<tr class=\"even\">\n<td>18\/12\/2017<\/td>\n<td>306<\/td>\n<td>19\/12\/2017<\/td>\n<td>0,842755<\/td>\n<td>1,57<\/td>\n<\/tr>\n<\/tbody>\n<p>\t\t\t\t\t\t\t\t\t\t\t\t\t<!-- Table Body end --><br>\n\t\t\t\t\t\t\t\t\t\t\t\t<\/p><\/table>\n<\/div>\n<\/div>\n<p>\t\t\t\t\t<!-- Accordions--><\/p>\n<div class=\"row\">\n<div class=\"col-md-12\">\n<div class=\"special-heading\">\n<h2>Precio Servicio Atenci\u00f3n de urgencias: 0,64 \u20ac\/mes<\/h2>\n<\/div>\n<p>Precios 2017 a facturar en Euros a los usuarios, de acuerdo a la normativa de las correspondientes Comunidades Aut\u00f3nomas.<\/p>\n<\/div>\n<div class=\"col-md-12 m-auto\">\n\t\t\t\t\t\t\t\t<!-- Accordion card-body-->\n<div class=\"accordion panel-group\" id=\"accordion\">\n<div class=\"card\">\n<div class=\"card-header\"><a data-toggle=\"collapse\" data-parent=\"#accordion\" href=\"#collapse4\" aria-expanded=\"false\">Inspecciones peri\u00f3dicas<\/a><\/div>\n<div class=\"collapse\" id=\"collapse4\">\n<div class=\"card-body\">\n<table cellspacing=\"0\">\n\t\t\t\t\t\t\t\t\t\t\t\t\t<!-- cellspacing='0' is important, must stay --><br>\n\t\t\t\t\t\t\t\t\t\t\t\t\t<!-- Table Header -->\n<thead>\n<tr>\n<th>Comunidad<\/th>\n<th><\/th>\n<th>T1<\/th>\n<th>T2<\/th>\n<th>T3<\/th>\n<th>Gasto de gesti\u00f3n de Inspecci\u00f3n de Instalaci\u00f3n Receptora Com\u00fan*<\/th>\n<\/tr>\n<\/thead>\n<p>\t\t\t\t\t\t\t\t\t\t\t\t\t<!-- Table Header --><br>\n\t\t\t\t\t\t\t\t\t\t\t\t\t<!-- Table Body --><\/p>\n<tbody>\n\t\t\t\t\t\t\t\t\t\t\t\t\t\t<!-- bloque01 -->\n<tr class=\"even\">\n<td>Asturias<\/td>\n<td><\/td>\n<td>7,77<\/td>\n<td>7,77<\/td>\n<td>7,77<\/td>\n<td>12,8<\/td>\n<\/tr>\n<p>\t\t\t\t\t\t\t\t\t\t\t\t\t\t<!-- bloque02 --><\/p>\n<tr class=\"even\">\n<td rowspan=\"2\">Cantabria<\/td>\n<td>Planificada<\/td>\n<td>6,09<\/td>\n<td>6,09<\/td>\n<td>6,09<\/td>\n<td>12,8<\/td>\n<\/tr>\n<p>\t\t\t\t\t\t\t\t\t\t\t\t\t\t<!-- bloque03 --><\/p>\n<tr class=\"even\">\n<td>Acordada con el usuario<\/td>\n<td>6,09<\/td>\n<td>6,09<\/td>\n<td>6,09<\/td>\n<td>12,8<\/td>\n<\/tr>\n<p>\t\t\t\t\t\t\t\t\t\t\t\t\t\t<!-- bloque04 --><\/p>\n<tr class=\"even\">\n<td>Pa\u00eds Vasco<\/td>\n<td><\/td>\n<td>5,79<\/td>\n<td>5,79<\/td>\n<td>5,79<\/td>\n<td>12,8<\/td>\n<\/tr>\n<\/tbody>\n<p>\t\t\t\t\t\t\t\t\t\t\t\t\t<!-- Table Body end--><br>\n\t\t\t\t\t\t\t\t\t\t\t\t<\/p><\/table>\n<\/div>\n<\/div>\n<\/div>\n<div class=\"card\">\n<div class=\"card-header\"><a data-toggle=\"collapse\" data-parent=\"#accordion\" href=\"#collapse5\" aria-expanded=\"false\">Derechos de alta<\/a><\/div>\n<div class=\"collapse\" id=\"collapse5\">\n<div class=\"card-body\">\n<table cellspacing=\"0\">\n\t\t\t\t\t\t\t\t\t\t\t\t\t<!-- cellspacing='0' is important, must stay --><br>\n\t\t\t\t\t\t\t\t\t\t\t\t\t<!-- Table Header -->\n<thead>\n<tr>\n<th>Comunidad<\/th>\n<th>T1<\/th>\n<th>T2<\/th>\n<th>T3<\/th>\n<th>T4<\/th>\n<th colspan=\"4\">&gt; 4 bar<\/th>\n<\/tr>\n<\/thead>\n<p>\t\t\t\t\t\t\t\t\t\t\t\t\t<!-- Table Header --><br>\n\t\t\t\t\t\t\t\t\t\t\t\t\t<!-- Table Body --><\/p>\n<tbody>\n\t\t\t\t\t\t\t\t\t\t\t\t\t\t<!-- bloque01 -->\n<tr class=\"second-title\">\n<td colspan=\"5\"><\/td>\n<td>m\u00e1x<\/td>\n<td>TF<\/td>\n<td>+QDm\u00e1xContr.x<\/td>\n<td>X<\/td>\n<\/tr>\n<p>\t\t\t\t\t\t\t\t\t\t\t\t\t\t<!-- bloque02 --><\/p>\n<tr class=\"even\">\n<td>\n\t\t\t\t\t\t\t\t\t\t\t\t\t\t\t\tAsturias\n\t\t\t\t\t\t\t\t\t\t\t\t\t\t\t<\/td>\n<td>93,09<\/td>\n<td>98,29<\/td>\n<td>125,65<\/td>\n<td>125,65<\/td>\n<td>754,50<\/td>\n<td>123,83<\/td>\n<td>+QDm\u00e1xContr.x<\/td>\n<td>0,08<\/td>\n<\/tr>\n<p>\t\t\t\t\t\t\t\t\t\t\t\t\t\t<!-- bloque03 --><\/p>\n<tr class=\"even\">\n<td>\n\t\t\t\t\t\t\t\t\t\t\t\t\t\t\t\tCantabria\n\t\t\t\t\t\t\t\t\t\t\t\t\t\t\t<\/td>\n<td>72,53<\/td>\n<td>84,94<\/td>\n<td>127,4<\/td>\n<td>127,4<\/td>\n<td>747,75<\/td>\n<td>125,52<\/td>\n<td>+QDm\u00e1xContr.x<\/td>\n<td>0,08<\/td>\n<\/tr>\n<p>\t\t\t\t\t\t\t\t\t\t\t\t\t\t<!-- bloque04 --><\/p>\n<tr class=\"even\">\n<td>\n\t\t\t\t\t\t\t\t\t\t\t\t\t\t\t\tPa\u00eds Vasco\n\t\t\t\t\t\t\t\t\t\t\t\t\t\t\t<\/td>\n<td>87,56<\/td>\n<td>87,56<\/td>\n<td>131,37<\/td>\n<td>131,37<\/td>\n<td>720,43<\/td>\n<td>120,95<\/td>\n<td>+QDm\u00e1xContr.x<\/td>\n<td>0,08<\/td>\n<\/tr>\n<p>\t\t\t\t\t\t\t\t\t\t\t\t\t\t<!-- bloque05 --><\/p>\n<tr class=\"even\">\n<td>\n\t\t\t\t\t\t\t\t\t\t\t\t\t\t\t\tInterrumpibles\n\t\t\t\t\t\t\t\t\t\t\t\t\t\t\t<\/td>\n<td>\u2013<\/td>\n<td>\u2013<\/td>\n<td>\u2013<\/td>\n<td>\u2013<\/td>\n<td>695,74<\/td>\n<td>113,83<\/td>\n<td>+QDm\u00e1xContr.x<\/td>\n<td>0,08<\/td>\n<\/tr>\n<p>\t\t\t\t\t\t\t\t\t\t\t\t\t\t<!-- bloque06 --><\/p>\n<tr class=\"even\">\n<td colspan=\"9\">\n<h6>Precios sin I.V.A. incluido<\/h6>\n<\/td>\n<\/tr>\n<\/tbody>\n<p>\t\t\t\t\t\t\t\t\t\t\t\t\t<!-- Table Body end --><br>\n\t\t\t\t\t\t\t\t\t\t\t\t<\/p><\/table>\n<\/div>\n<\/div>\n<\/div>\n<div class=\"card\">\n<div class=\"card-header\"><a data-toggle=\"collapse\" data-parent=\"#accordion\" href=\"#collapse6\" aria-expanded=\"false\">Derechos de enganche y verificaci\u00f3n<\/a><\/div>\n<div class=\"collapse\" id=\"collapse6\">\n<div class=\"card-body\">\n<table cellspacing=\"0\">\n\t\t\t\t\t\t\t\t\t\t<!-- cellspacing='0' is important, must stay --><br>\n\t\t\t\t\t\t\t\t\t\t<!-- Table Header -->\n<thead>\n<tr>\n<th>Comunidad<\/th>\n<th>Enganche<\/th>\n<th>Desconexi\u00f3n y Reconexi\u00f3n<\/th>\n<th>Verificaci\u00f3n<\/th>\n<\/tr>\n<\/thead>\n<p>\t\t\t\t\t\t\t\t\t\t<!-- Table Header --><br>\n\t\t\t\t\t\t\t\t\t\t<!-- Table Body --><\/p>\n<tbody>\n<tr>\n<td>Cantabria<\/td>\n<td>23,19<\/td>\n<td>46,39<\/td>\n<td>\u2013<\/td>\n<\/tr>\n<p>\t\t\t\t\t\t\t\t\t\t\t<!-- Table Row --><\/p>\n<tr class=\"even\">\n<td>Asturias<\/td>\n<td>83,78<\/td>\n<td>167,55<\/td>\n<td>57,84<\/td>\n<\/tr>\n<tr>\n<td>Pa\u00eds Vasco<\/td>\n<td>77,44<\/td>\n<td>154,89<\/td>\n<td>53,44<\/td>\n<\/tr>\n<tr class=\"even\">\n<td colspan=\"4\">\n<h6>Precios sin I.V.A. incluido<\/h6>\n<\/td>\n<\/tr>\n<\/tbody>\n<p>\t\t\t\t\t\t\t\t\t\t<!-- Table Body --><br>\n\t\t\t\t\t\t\t\t\t<\/p><\/table>\n<\/div>\n<\/div>\n<\/div>\n<div class=\"card\">\n<div class=\"card-header\"><a data-toggle=\"collapse\" data-parent=\"#accordion\" href=\"#collapse7\" aria-expanded=\"false\">Derechos de acometida<\/a><\/div>\n<div class=\"collapse\" id=\"collapse7\">\n<div class=\"card-body\">\n<table cellspacing=\"0\">\n<thead>\n<tr>\n<th colspan=\"2\">Grupo de Tarifa o peaje<\/th>\n<th>\u20ac\/contratante<\/th>\n<\/tr>\n<\/thead>\n<tbody>\n<tr>\n<td>1<\/td>\n<td>&lt; 5.000 kWh\/a\u00f1o<\/td>\n<td>106,34<\/td>\n<\/tr>\n<tr>\n<td>2<\/td>\n<td>&lt; 15.000 kWh\/a\u00f1o<\/td>\n<td>106,34<\/td>\n<\/tr>\n<tr>\n<td>2<\/td>\n<td>&lt; 50.000 kWh\/a\u00f1o<\/td>\n<td>244,40<\/td>\n<\/tr>\n<tr>\n<td>3<\/td>\n<td>&lt; 100.000 kWh\/a\u00f1o<\/td>\n<td>488,83<\/td>\n<\/tr>\n<tr>\n<td>4\/5<\/td>\n<td>&lt; 100.000 kWh\/a\u00f1o<\/td>\n<td>488,83<\/td>\n<\/tr>\n<tr class=\"even\">\n<td colspan=\"4\">\n<h6>Precios sin I.V.A. incluido<\/h6>\n<\/td>\n<\/tr>\n<\/tbody>\n<p>\t\t\t\t\t\t\t\t\t\t\t\t\t\t<!-- Table Body --><br>\n\t\t\t\t\t\t\t\t\t\t\t\t\t<\/p><\/table>\n<\/div>\n<\/div>\n<\/div>\n<p><\/p><h6>Importes aplicables a nuevos suministros de gas natural y GLP<\/h6>\n\n<p><span class=\"bold-text\">Por tu seguridad te recordamos, que todos los inspectores de EDP NATURGAS ENERG\u00cdA van siempre debidamente acreditados, por favor ex\u00edgeles que presenten su acreditaci\u00f3n.<\/span><\/p>\n<\/div>\n<\/div>\n<\/div>\n<p>\t\t\t\t<!-- Accordions end--><\/p><\/div>\n<\/section>\n","protected":false},"excerpt":{"rendered":"<p>Tarifas Suministro de GLP Canalizado Fecha Publicaci\u00f3n BOE N\u00famero de BOE Fecha de Vigencia T\u00e9rmino Variable (\u20ac\/kg) T\u00e9rmino Fijo (\u20ac\/mes) [&hellip;]<\/p>\n","protected":false},"author":1,"featured_media":0,"parent":3337,"menu_order":0,"comment_status":"closed","ping_status":"closed","template":"templates\/pagina-template.php","meta":{"_acf_changed":false,"footnotes":""},"yst_prominent_words":[],"class_list":["post-4247","page","type-page","status-publish","hentry"],"acf":[],"_links":{"self":[{"href":"https:\/\/www.nortegas.es\/en\/wp-json\/wp\/v2\/pages\/4247","targetHints":{"allow":["GET"]}}],"collection":[{"href":"https:\/\/www.nortegas.es\/en\/wp-json\/wp\/v2\/pages"}],"about":[{"href":"https:\/\/www.nortegas.es\/en\/wp-json\/wp\/v2\/types\/page"}],"author":[{"embeddable":true,"href":"https:\/\/www.nortegas.es\/en\/wp-json\/wp\/v2\/users\/1"}],"replies":[{"embeddable":true,"href":"https:\/\/www.nortegas.es\/en\/wp-json\/wp\/v2\/comments?post=4247"}],"version-history":[{"count":1,"href":"https:\/\/www.nortegas.es\/en\/wp-json\/wp\/v2\/pages\/4247\/revisions"}],"predecessor-version":[{"id":4248,"href":"https:\/\/www.nortegas.es\/en\/wp-json\/wp\/v2\/pages\/4247\/revisions\/4248"}],"up":[{"embeddable":true,"href":"https:\/\/www.nortegas.es\/en\/wp-json\/wp\/v2\/pages\/3337"}],"wp:attachment":[{"href":"https:\/\/www.nortegas.es\/en\/wp-json\/wp\/v2\/media?parent=4247"}],"wp:term":[{"taxonomy":"yst_prominent_words","embeddable":true,"href":"https:\/\/www.nortegas.es\/en\/wp-json\/wp\/v2\/yst_prominent_words?post=4247"}],"curies":[{"name":"wp","href":"https:\/\/api.w.org\/{rel}","templated":true}]}}