{"id":2836,"date":"2018-01-17T09:51:51","date_gmt":"2018-01-17T08:51:51","guid":{"rendered":"https:\/\/www.nortegas.es\/id-like-to-use-gas-at-my-home-or-business\/llega-el-suministro-de-gas-canalizado-a-mi-direccion\/"},"modified":"2021-03-23T09:41:53","modified_gmt":"2021-03-23T08:41:53","slug":"llega-el-suministro-de-gas-canalizado-a-mi-direccion","status":"publish","type":"page","link":"https:\/\/www.nortegas.es\/en\/id-like-to-use-gas\/llega-el-suministro-de-gas-canalizado-a-mi-direccion\/","title":{"rendered":"Is my town or city connected to the gas network?"},"content":{"rendered":"<section class=\"single-module module-divider-bottom module-inner-option bg-blog\">\n<div class=\"container\">\n\t\t\t\t\t<!---->\n<div class=\"row\">\n<div class=\"col-md-12\">\n<p>\t\t\t\t\t\t\t<!--VIDEO Y USOS DEL GAS--><\/p>\n<p>\t\t\t\t\t\t\t\t<!--FORMULARIO--><\/p>\n<section class=\"single-module module-no-padding\">\n<div>\n<div class=\"row\">\n<div class=\"col-md-12 m-t-50\">\n<div class=\"special-heading\">\n<h2>Is my town or city connected to the gas network?<\/h2>\n<\/div>\n<div class=\"m-t-20 m-b-20\">\n<div id=\"panel_gas\" class=\"col-12\">\n<div class=\"row\">\n<aside class=\"col-6 map-wraper\">\n<div id=\"map\"><\/div>\n<\/aside>\n<div class=\"col-6\">\n<div class=\"row\">\n<div class=\"col-12\">\n<p class=\"small\">The information on this form may be used for commercial purposes.<\/p>\n<\/div>\n<\/div>\n<div class=\"row form-mapa__block\">\n                                        \n<div class=\"wpcf7 no-js\" id=\"wpcf7-f9724-o1\" lang=\"es-ES\" dir=\"ltr\" data-wpcf7-id=\"9724\">\n<div class=\"screen-reader-response\"><p role=\"status\" aria-live=\"polite\" aria-atomic=\"true\"><\/p> <ul><\/ul><\/div>\n<form action=\"\/en\/wp-json\/wp\/v2\/pages\/2836#wpcf7-f9724-o1\" method=\"post\" class=\"wpcf7-form init\" aria-label=\"Formulario de contacto\" novalidate=\"novalidate\" data-status=\"init\">\n<fieldset class=\"hidden-fields-container\"><input type=\"hidden\" name=\"_wpcf7\" value=\"9724\"><input type=\"hidden\" name=\"_wpcf7_version\" value=\"6.1.5\"><input type=\"hidden\" name=\"_wpcf7_locale\" value=\"es_ES\"><input type=\"hidden\" name=\"_wpcf7_unit_tag\" value=\"wpcf7-f9724-o1\"><input type=\"hidden\" name=\"_wpcf7_container_post\" value=\"0\"><input type=\"hidden\" name=\"_wpcf7_posted_data_hash\" value=\"\"><input type=\"hidden\" name=\"_wpcf7_recaptcha_response\" value=\"\">\n<\/fieldset>\n<section class=\"form-mapa__inner form__inner\">\n\t<div class=\"form-mapa__field\">\n\t\t<p><span class=\"wpcf7-form-control-wrap\" data-name=\"tipo-uso-gas\"><select class=\"wpcf7-form-control wpcf7-select wpcf7-validates-as-required\" id=\"tipo-uso-gas\" aria-required=\"true\" aria-invalid=\"false\" name=\"tipo-uso-gas\"><option value=\"\">Selecciona uso<\/option><option value=\"DOM\">Residencial<\/option><option value=\"DOM\">Unifamiliar<\/option><option value=\"IND\">Empresa<\/option><\/select><\/span>\n\t\t<\/p>\n\t<\/div>\n\t<div class=\"form-mapa__field\">\n\t\t<p><span class=\"wpcf7-form-control-wrap\" data-name=\"mapa-gas-direccion\"><input size=\"40\" maxlength=\"400\" class=\"wpcf7-form-control wpcf7-text wpcf7-validates-as-required\" id=\"mapa-direccion\" aria-required=\"true\" aria-invalid=\"false\" placeholder=\"Calle\" value=\"\" type=\"text\" name=\"mapa-gas-direccion\"><\/span>\n\t\t<\/p>\n\t<\/div>\n\t<div id=\"row-piso\" class=\"form-mapa__field\">\n\t\t<p><span class=\"wpcf7-form-control-wrap\" data-name=\"mapa-gas-numero\"><input class=\"wpcf7-form-control wpcf7-number wpcf7-validates-as-required wpcf7-validates-as-number\" id=\"mapa-numero-direccion\" min=\"1\" aria-required=\"true\" aria-invalid=\"false\" placeholder=\"N\u00famero\" value=\"\" type=\"number\" name=\"mapa-gas-numero\"><\/span>\n\t\t<\/p>\n\t<\/div>\n\t<div class=\"form-mapa__field col-sm-6\">\n\t\t<p><span class=\"wpcf7-form-control-wrap\" data-name=\"mapa-gas-municipio\"><input size=\"40\" maxlength=\"400\" class=\"wpcf7-form-control wpcf7-text wpcf7-validates-as-required\" id=\"mapa-municipio\" aria-required=\"true\" aria-invalid=\"false\" placeholder=\"Municipio\" value=\"\" type=\"text\" name=\"mapa-gas-municipio\"><\/span>\n\t\t<\/p>\n\t<\/div>\n\t<div class=\"form-mapa__field col-sm-6\">\n\t\t<p><span class=\"wpcf7-form-control-wrap\" data-name=\"mapa-gas-cp\"><input size=\"40\" maxlength=\"400\" class=\"wpcf7-form-control wpcf7-text wpcf7-validates-as-required\" id=\"mapa-cp\" aria-required=\"true\" aria-invalid=\"false\" placeholder=\"CP\" value=\"\" type=\"text\" name=\"mapa-gas-cp\"><\/span>\n\t\t<\/p>\n\t<\/div>\n\t<div class=\"form-mapa__field form-group\">\n\t\t<p><input class=\"wpcf7-form-control wpcf7-submit btn btn-round btn-brand\" id=\"submit-form-map\" type=\"submit\" value=\"Buscar\">\n\t\t<\/p>\n\t<\/div>\n<\/section>\n<footer class=\"form-response__wrapper\">\n<div class=\"wpcf7-response-output\" aria-hidden=\"true\"><\/div>\n\t<div class=\"cf7-custom-response-ok\">\n\t\t<p><span class=\"only-es\">Consulte la informaci\u00f3n de la tabla<\/span><span class=\"only-en\">Check the information on the table<\/span><span class=\"only-eu\">Kontsultatu taulako informazioa<\/span>\n\t\t<\/p>\n\t<\/div>\n<\/footer>\n<\/form>\n<\/div>\n<br>\n\t\t\t\t\t<span id=\"msg-error-form-map\" class=\"d-none\">We cannot calculate location on the map<\/span>\n\t\t\t\t<\/div>\n<article id=\"second-step\">\n<div id=\"resultados\"><\/div>\n<section id=\"form-after-map\" class=\"row\">\n<header class=\"col-md-12 text-center py-2\">\n<div class=\"h3\">Do you need more information?<\/div>\n<div>Leave us your details and we will phone you<\/div>\n<\/header>\n<div class=\"form-crm-particulares__wrapper contactoMapa\">\n<div class=\"wpcf7 no-js\" id=\"wpcf7-f10122-o2\" lang=\"es-ES\" dir=\"ltr\" data-wpcf7-id=\"10122\">\n<div class=\"screen-reader-response\"><p role=\"status\" aria-live=\"polite\" aria-atomic=\"true\"><\/p> <ul><\/ul><\/div>\n<form action=\"\/en\/wp-json\/wp\/v2\/pages\/2836#wpcf7-f10122-o2\" method=\"post\" class=\"wpcf7-form init\" aria-label=\"Formulario de contacto\" novalidate=\"novalidate\" data-status=\"init\">\n<fieldset class=\"hidden-fields-container\"><input type=\"hidden\" name=\"_wpcf7\" value=\"10122\"><input type=\"hidden\" name=\"_wpcf7_version\" value=\"6.1.5\"><input type=\"hidden\" name=\"_wpcf7_locale\" value=\"es_ES\"><input type=\"hidden\" name=\"_wpcf7_unit_tag\" value=\"wpcf7-f10122-o2\"><input type=\"hidden\" name=\"_wpcf7_container_post\" value=\"0\"><input type=\"hidden\" name=\"_wpcf7_posted_data_hash\" value=\"\"><input type=\"hidden\" name=\"_wpcf7_recaptcha_response\" value=\"\">\n<\/fieldset>\n<div id=\"form-cliente-potencial-particulares\" class=\"form-inline\">\n\t<div class=\"input-group mb-2 mr-sm-2 mb-sm-0 mt-sm-1\">\n\t\t<div>\n\t\t\t<p><span class=\"wpcf7-form-control-wrap\" data-name=\"crm-particulares-nombre\"><input size=\"40\" maxlength=\"400\" class=\"wpcf7-form-control wpcf7-text wpcf7-validates-as-required input-group mb-2 mr-sm-2 mb-sm-1 form-control\" aria-required=\"true\" aria-invalid=\"false\" placeholder=\"Nombre y Apellidos\" value=\"\" type=\"text\" name=\"crm-particulares-nombre\"><\/span>\n\t\t\t<\/p>\n\t\t<\/div>\n\t\t<div>\n\t\t\t<p><span class=\"wpcf7-form-control-wrap\" data-name=\"crm-particulares-telefono\"><input size=\"40\" maxlength=\"400\" class=\"wpcf7-form-control wpcf7-tel wpcf7-validates-as-required wpcf7-text wpcf7-validates-as-tel input-group mb-2 mr-sm-2 mb-sm-1 form-control\" aria-required=\"true\" aria-invalid=\"false\" placeholder=\"Tel\u00e9fono\" value=\"\" type=\"tel\" name=\"crm-particulares-telefono\"><\/span>\n\t\t\t<\/p>\n\t\t<\/div>\n\t\t<div>\n\t\t\t<p><span class=\"wpcf7-form-control-wrap\" data-name=\"crm-particulares-email\"><input size=\"40\" maxlength=\"400\" class=\"wpcf7-form-control wpcf7-email wpcf7-validates-as-required wpcf7-text wpcf7-validates-as-email input-group mr-sm-2 mb-sm-1 form-control\" aria-required=\"true\" aria-invalid=\"false\" placeholder=\"Email\" value=\"\" type=\"email\" name=\"crm-particulares-email\"><\/span>\n\t\t\t<\/p>\n\t\t<\/div>\n\t<\/div>\n\t<div class=\"input-group mb-2 mr-sm-2 mb-sm-0\">\n\t\t<article class=\"custom-municipio-autocomplete__wrapper\">\n\t\t\t<p><span class=\"wpcf7-form-control-wrap\" data-name=\"crm-particulares-municipio\"><input size=\"40\" maxlength=\"400\" class=\"wpcf7-form-control wpcf7-text wpcf7-validates-as-required input-group mb-2 mr-sm-2 mb-sm-1 form-control custom-municipio-autocomplete\" aria-required=\"true\" aria-invalid=\"false\" placeholder=\"Municipio\" value=\"\" type=\"text\" name=\"crm-particulares-municipio\"><\/span>\n\t\t\t<\/p>\n\t\t<\/article>\n\t\t<article>\n\t\t\t<p><span class=\"wpcf7-form-control-wrap\" data-name=\"crm-particulares-direccion\"><input size=\"40\" maxlength=\"400\" class=\"wpcf7-form-control wpcf7-text wpcf7-validates-as-required input-group mb-2 mr-sm-2 mb-sm-1 form-control grande\" aria-required=\"true\" aria-invalid=\"false\" placeholder=\"Calle, portal, piso y puerta\" value=\"\" type=\"text\" name=\"crm-particulares-direccion\"><\/span>\n\t\t\t<\/p>\n\t\t<\/article>\n\t\t<article>\n\t\t\t<p><input class=\"wpcf7-form-control wpcf7-submit btn btn-round btn-brand\" id=\"submit-form-crm-particulares\" type=\"submit\" value=\"Enviar\">\n\t\t\t<\/p>\n\t\t<\/article>\n\t<\/div>\n\t<div class=\"form-check text-left p-t-10 p-l-10\">\n\t\t<p><label class=\"custom-control custom-checkbox\"><span class=\"wpcf7-form-control-wrap\" data-name=\"crm-particulares-aceptacion\"><span class=\"wpcf7-form-control wpcf7-acceptance\"><span class=\"wpcf7-list-item\"><input type=\"checkbox\" name=\"crm-particulares-aceptacion\" value=\"1\" aria-invalid=\"false\"><\/span><\/span><\/span><span class=\"custom-control-description\"><span class=\"only-es\">Acepto el <a href=\"\/informacion-basica-de-proteccion-de-datos-de-caracter-personal\/\" target=\"_blank\" class=\"privacidad-link\">tratamiento de mis datos personales, as\u00ed como el env\u00edo de publicidad por medios electr\u00f3nicos<\/a>.<\/span><span class=\"only-en\">I Acept <a href=\"\/en\/legal-notice\/\" target=\"_blank\" class=\"privacidad-link\">legal notice<\/a>.<\/span><span class=\"only-eu\">Onartzen ditut <a href=\"\/eu\/datu-pertsonalen-babesari-buruzko-oinarrizko-informazioa\/\" target=\"_blank\" class=\"privacidad-link\">datu pertsonalen babesari buruzko oinarrizko informazioa<\/a>.<\/span><\/span><\/label>\n\t\t<\/p>\n\t<\/div>\n<\/div>\n<footer class=\"form-response__wrapper\">\n<div class=\"wpcf7-response-output\" aria-hidden=\"true\"><\/div>\n\t<div class=\"cf7-custom-response-ok\">\n\t\t<p><span class=\"only-es\">Solicitud enviada correctamente<\/span><span class=\"only-eu\">Eskaera behar bezala bidali da<\/span>\n\t\t<\/p>\n\t<\/div>\n<\/footer>\n<style type=\"text\/css\">#form-cliente-potencial-particulares .input-group p {margin-bottom : 5px;}\n<\/style>\n<\/form>\n<\/div>\n<\/div>\n<\/section>\n<\/article>\n<p><!-- \/second-step -->\n\t\t\t<\/p><\/div>\n<\/div>\n<\/div>\n<p><!--\n\t\n\n<div class=\"col-12\" id=\"panel_gas\">\n\t\t\n\n<div class=\"row\">\n\t\t\t\n\n<div id=\"map\" class=\"col-6\"><\/div>\n\n\n\t\t\t\n\n<div class=\"col-6\">\n\t\t\t\t\n\n<div class=\"row\">\n\t\t\t\t\t\n\n<div class=\"col-12\">\n\t\t\t\t\t\t<label for=\"direccion\"><span class=\"obligatorio\">*<\/span>Address:<\/label>\n\t\t\t\t\t\t<input type=\"text\" id=\"direccion\" name=\"direccion\" \/>\n\t\t\t\t\t\t<button name=\"btn_obtener_coordenadas\" id=\"btn_obtener_coordenadas\" class=\"btn btn-primary\">Locate on a map<\/button>\n\t\t\t\t\t<\/div>\n\n\n\t\t\t\t<\/div>\n\n\n\t\t\t\t\n\t\t\t\t\n\n<div class=\"row\">\n\t\t\t\t\t\n\n<div class=\"col-12\">\n\t\t\t\t\t\t\n\n<form method=\"POST\" action=\"\">\n\t\t\t\t\t\t\t<label for=\"tipo_uso\"><span class=\"obligatorio\">*<\/span>Type of use:<\/label>\n\t\t\t\t\t\t\t<select id=\"tipo_uso\"> \n<option value=\"-1\">Select<\/option>\n<option value=\"IND\">Industrial<\/option>\n<option value=\"DOM\">Domestic<\/option>\n \t\t\t\t\t\t\t<\/select>\n\t\t\t\t\t\t\t<button type=\"submit\" class=\"btn btn-primary\" name=\"btn_buscar_ws\" id=\"btn_buscar_ws\">Search<\/button>\n\t\t\t\t\t\t<\/form>\n\n\n\t\t\t\t\t<\/div>\n\n\n\t\t\t\t<\/div>\n\n\n\t\t\t\t\n\t\t\t\t\n\n<div id=\"resultados\"><\/div>\n\n\n\t\t\t<\/div>\n\n\n\t\t<\/div>\n\n\n\t<\/div>\n\n\n--><\/p>\n<p class=\"m-t-30\">\n\t\t\t\t\t\t\t\t\t\t\t\t\tIf your town or city is not connected to the gas grid and you are interested in obtaining gas for a new building or for an existing home or business, we can offer you solutions that will give you access to piped gas through an individual LPG tank.\n\t\t\t\t\t\t\t\t\t\t\t\t<\/p>\n<p>We take care of building and maintaining your tank. At <span class=\"blue-bold-text\">nortegas<\/span>, we offer our customers the most suitable technical solutions for their specific needs. We design and execute the project, ensuring that it is in compliance with all applicable legislation and obtaining all necessary permits. Our work is backed up by extensive experience and the guarantee of our business group.<\/p>\n<\/div>\n<\/div>\n<\/div>\n<\/div>\n<\/section>\n<p>\t\t\t\t\t\t\t<!---->\n\t\t\t\t\t\t<\/p><\/div>\n<\/div>\n<\/div>\n<\/section>\n","protected":false},"excerpt":{"rendered":"<p>Is my town or city connected to the gas network?<\/p>\n","protected":false},"author":1,"featured_media":0,"parent":2828,"menu_order":0,"comment_status":"closed","ping_status":"closed","template":"templates\/pagina-template.php","meta":{"_acf_changed":false,"footnotes":""},"yst_prominent_words":[58,398,395,361,4699,366,2478,362,399,50,206,397,394,400,396,364,363],"class_list":["post-2836","page","type-page","status-publish","hentry"],"acf":[],"_links":{"self":[{"href":"https:\/\/www.nortegas.es\/en\/wp-json\/wp\/v2\/pages\/2836","targetHints":{"allow":["GET"]}}],"collection":[{"href":"https:\/\/www.nortegas.es\/en\/wp-json\/wp\/v2\/pages"}],"about":[{"href":"https:\/\/www.nortegas.es\/en\/wp-json\/wp\/v2\/types\/page"}],"author":[{"embeddable":true,"href":"https:\/\/www.nortegas.es\/en\/wp-json\/wp\/v2\/users\/1"}],"replies":[{"embeddable":true,"href":"https:\/\/www.nortegas.es\/en\/wp-json\/wp\/v2\/comments?post=2836"}],"version-history":[{"count":7,"href":"https:\/\/www.nortegas.es\/en\/wp-json\/wp\/v2\/pages\/2836\/revisions"}],"predecessor-version":[{"id":5015,"href":"https:\/\/www.nortegas.es\/en\/wp-json\/wp\/v2\/pages\/2836\/revisions\/5015"}],"up":[{"embeddable":true,"href":"https:\/\/www.nortegas.es\/en\/wp-json\/wp\/v2\/pages\/2828"}],"wp:attachment":[{"href":"https:\/\/www.nortegas.es\/en\/wp-json\/wp\/v2\/media?parent=2836"}],"wp:term":[{"taxonomy":"yst_prominent_words","embeddable":true,"href":"https:\/\/www.nortegas.es\/en\/wp-json\/wp\/v2\/yst_prominent_words?post=2836"}],"curies":[{"name":"wp","href":"https:\/\/api.w.org\/{rel}","templated":true}]}}